{"id":110,"date":"2023-03-03T12:41:21","date_gmt":"2023-03-03T11:41:21","guid":{"rendered":"https:\/\/gerry001.myds.me\/wordpress\/?page_id=110"},"modified":"2023-05-18T13:00:33","modified_gmt":"2023-05-18T11:00:33","slug":"rohrspitz","status":"publish","type":"page","link":"https:\/\/gerry001.myds.me\/wordpress\/monti-on-tour\/rohrspitz\/","title":{"rendered":"Rohrspitz"},"content":{"rendered":"\n<div class=\"alignfull\"><div id=\"metaslider-id-764\" style=\"width: 100%; margin: 0 auto;\" class=\"ml-slider-3-108-0 metaslider metaslider-flex metaslider-764 ml-slider ms-theme-default nav-hidden\" role=\"region\" aria-label=\"Rohrspitz\" data-height=\"300\" data-width=\"700\">\n    <div id=\"metaslider_container_764\">\n        <div id=\"metaslider_764\">\n            <ul class='slides'>\n                <li style=\"display: block; width: 100%;\" class=\"slide-765 ms-image \" aria-roledescription=\"slide\" data-date=\"2023-03-08 10:16:02\" data-filename=\"IMG_20220223_144728-1-scaled-700x300.jpg\" data-slide-type=\"image\"><img data-recalc-dims=\"1\" loading=\"lazy\" decoding=\"async\" src=\"https:\/\/i0.wp.com\/gerry001.myds.me\/wordpress\/wp-content\/uploads\/2023\/03\/IMG_20220223_144728-1-scaled.jpg?resize=700%2C300&#038;ssl=1\" height=\"300\" width=\"700\" alt=\"Monti am Rohrspitz - H\u00f6chst\" class=\"slider-764 slide-765 msDefaultImage\" title=\"Monti am Rohrspitz - H\u00f6chst\" \/><\/li>\n                <li style=\"display: none; width: 100%;\" class=\"slide-766 ms-image \" aria-roledescription=\"slide\" data-date=\"2023-03-08 10:16:08\" data-filename=\"IMG_20220223_145654-1-scaled-700x300.jpg\" data-slide-type=\"image\"><img data-recalc-dims=\"1\" loading=\"lazy\" decoding=\"async\" src=\"https:\/\/i0.wp.com\/gerry001.myds.me\/wordpress\/wp-content\/uploads\/2023\/03\/IMG_20220223_145654-1-scaled.jpg?resize=700%2C300&#038;ssl=1\" height=\"300\" width=\"700\" alt=\"Monti am Rohrspitz - H\u00f6chst\" class=\"slider-764 slide-766 msDefaultImage\" title=\"Monti am Rohrspitz - H\u00f6chst\" \/><\/li>\n                <li style=\"display: none; width: 100%;\" class=\"slide-767 ms-image \" aria-roledescription=\"slide\" data-date=\"2023-03-08 10:16:14\" data-filename=\"IMG_20220223_150257-1-scaled-700x300.jpg\" data-slide-type=\"image\"><img data-recalc-dims=\"1\" loading=\"lazy\" decoding=\"async\" src=\"https:\/\/i0.wp.com\/gerry001.myds.me\/wordpress\/wp-content\/uploads\/2023\/03\/IMG_20220223_150257-1-scaled.jpg?resize=700%2C300&#038;ssl=1\" height=\"300\" width=\"700\" alt=\"Monti am Rohrspitz - H\u00f6chst\" class=\"slider-764 slide-767 msDefaultImage\" title=\"Monti am Rohrspitz - H\u00f6chst\" \/><\/li>\n                <li style=\"display: none; width: 100%;\" class=\"slide-768 ms-image \" aria-roledescription=\"slide\" data-date=\"2023-03-08 10:16:23\" data-filename=\"IMG_20211109_092013_1-1-scaled-700x300.jpg\" data-slide-type=\"image\"><img data-recalc-dims=\"1\" loading=\"lazy\" decoding=\"async\" src=\"https:\/\/i0.wp.com\/gerry001.myds.me\/wordpress\/wp-content\/uploads\/2023\/03\/IMG_20211109_092013_1-1-scaled.jpg?resize=700%2C300&#038;ssl=1\" height=\"300\" width=\"700\" alt=\"Auf dem Weg zum Rohrspitz - H\u00f6chst\" class=\"slider-764 slide-768 msDefaultImage\" title=\"Auf dem Weg zum Rohrspitz - H\u00f6chst\" \/><\/li>\n                <li style=\"display: none; width: 100%;\" class=\"slide-769 ms-image \" aria-roledescription=\"slide\" data-date=\"2023-03-08 10:16:28\" data-filename=\"IMG_20220223_141150-1-scaled-700x300.jpg\" data-slide-type=\"image\"><img data-recalc-dims=\"1\" loading=\"lazy\" decoding=\"async\" src=\"https:\/\/i0.wp.com\/gerry001.myds.me\/wordpress\/wp-content\/uploads\/2023\/03\/IMG_20220223_141150-1-scaled.jpg?resize=700%2C300&#038;ssl=1\" height=\"300\" width=\"700\" alt=\"Herz aus Stein am Rohrspitz - H\u00f6chst\" class=\"slider-764 slide-769 msDefaultImage\" title=\"Herz aus Stein am Rohrspitz - H\u00f6chst\" \/><\/li>\n                <li style=\"display: none; width: 100%;\" class=\"slide-770 ms-image \" aria-roledescription=\"slide\" data-date=\"2023-03-08 10:16:33\" data-filename=\"IMG_20220223_141148-1-scaled-700x300.jpg\" data-slide-type=\"image\"><img data-recalc-dims=\"1\" loading=\"lazy\" decoding=\"async\" src=\"https:\/\/i0.wp.com\/gerry001.myds.me\/wordpress\/wp-content\/uploads\/2023\/03\/IMG_20220223_141148-1-scaled.jpg?resize=700%2C300&#038;ssl=1\" height=\"300\" width=\"700\" alt=\"Herz aus Stein am Rohrspitz - H\u00f6chst\" class=\"slider-764 slide-770 msDefaultImage\" title=\"Herz aus Stein am Rohrspitz - H\u00f6chst\" \/><\/li>\n                <li style=\"display: none; width: 100%;\" class=\"slide-771 ms-image \" aria-roledescription=\"slide\" data-date=\"2023-03-08 10:16:38\" data-filename=\"IMG_20220902_092143-scaled-700x300.jpg\" data-slide-type=\"image\"><img data-recalc-dims=\"1\" loading=\"lazy\" decoding=\"async\" src=\"https:\/\/i0.wp.com\/gerry001.myds.me\/wordpress\/wp-content\/uploads\/2023\/03\/IMG_20220902_092143-scaled.jpg?resize=700%2C300&#038;ssl=1\" height=\"300\" width=\"700\" alt=\"Rohrspitz\" class=\"slider-764 slide-771 msDefaultImage\" title=\"Rohrspitz\" \/><\/li>\n            <\/ul>\n        <\/div>\n        \n    <\/div>\n<\/div><\/div>\n\n\n\n<p><\/p>\n\n\n\n<p>Der Rohrspitz befindet sich in der Gemeinde H\u00f6chst und erstreckt sich \u00fcber eine Fl\u00e4che von etwa 100 Hektar. Das Naturschutzgebiet besteht aus einer Vielzahl von Lebensr\u00e4umen wie Strand, Schilfg\u00fcrtel, Feuchtwiesen, Salz- und S\u00fc\u00dfwassert\u00fcmpeln, R\u00f6hrichten und W\u00e4ldern.<\/p>\n\n\n\n<p>Der Rohrspitz H\u00f6chst ist ein wichtiger Lebensraum f\u00fcr viele seltene und gesch\u00fctzte Tier- und Pflanzenarten. Hier leben verschiedene Vogelarten wie der Graureiher, die Rohrweihe und der Eisvogel, sowie seltene Amphibien wie der Moorfrosch und die Geburtshelferkr\u00f6te. Es gibt auch viele Insektenarten, darunter Schmetterlinge, Libellen und Heuschrecken.<\/p>\n\n\n\n<p class=\"has-medium-font-size\"><strong>Monti am Rohrspitz<\/strong><\/p>\n\n\n\n<figure class=\"wp-block-gallery aligncenter has-nested-images columns-1 wp-block-gallery-1 is-layout-flex wp-block-gallery-is-layout-flex\">\n<figure class=\"wp-block-image alignfull size-large is-style-default\"><img data-recalc-dims=\"1\" loading=\"lazy\" decoding=\"async\" width=\"1024\" height=\"461\" data-id=\"914\" src=\"https:\/\/i0.wp.com\/gerry001.myds.me\/wordpress\/wp-content\/uploads\/2023\/03\/IMG_20230207_141627.jpg?resize=1024%2C461&#038;ssl=1\" alt=\"Monti am Rohrspitz\" class=\"wp-image-914\" title=\"Monti am Rohrspitz\" srcset=\"https:\/\/i0.wp.com\/gerry001.myds.me\/wordpress\/wp-content\/uploads\/2023\/03\/IMG_20230207_141627-scaled.jpg?resize=1024%2C461&amp;ssl=1 1024w, https:\/\/i0.wp.com\/gerry001.myds.me\/wordpress\/wp-content\/uploads\/2023\/03\/IMG_20230207_141627-scaled.jpg?resize=300%2C135&amp;ssl=1 300w, https:\/\/i0.wp.com\/gerry001.myds.me\/wordpress\/wp-content\/uploads\/2023\/03\/IMG_20230207_141627-scaled.jpg?resize=768%2C346&amp;ssl=1 768w, https:\/\/i0.wp.com\/gerry001.myds.me\/wordpress\/wp-content\/uploads\/2023\/03\/IMG_20230207_141627-scaled.jpg?resize=1536%2C692&amp;ssl=1 1536w, https:\/\/i0.wp.com\/gerry001.myds.me\/wordpress\/wp-content\/uploads\/2023\/03\/IMG_20230207_141627-scaled.jpg?resize=2048%2C922&amp;ssl=1 2048w, https:\/\/i0.wp.com\/gerry001.myds.me\/wordpress\/wp-content\/uploads\/2023\/03\/IMG_20230207_141627-scaled.jpg?resize=133%2C60&amp;ssl=1 133w, https:\/\/i0.wp.com\/gerry001.myds.me\/wordpress\/wp-content\/uploads\/2023\/03\/IMG_20230207_141627-scaled.jpg?w=2400&amp;ssl=1 2400w\" sizes=\"auto, (max-width: 1024px) 100vw, 1024px\" \/><\/figure>\n\n\n\n<figure class=\"wp-block-image size-large is-style-default\"><img data-recalc-dims=\"1\" loading=\"lazy\" decoding=\"async\" width=\"1024\" height=\"461\" data-id=\"880\" src=\"https:\/\/i0.wp.com\/gerry001.myds.me\/wordpress\/wp-content\/uploads\/2023\/03\/IMG_20230116_150405.jpg?resize=1024%2C461&#038;ssl=1\" alt=\"Energiesteine am Rohrsptz von Unbekannt\" class=\"wp-image-880\" title=\"Energiesteine am Rohrsptz von Unbekannt\" srcset=\"https:\/\/i0.wp.com\/gerry001.myds.me\/wordpress\/wp-content\/uploads\/2023\/03\/IMG_20230116_150405-scaled.jpg?resize=1024%2C461&amp;ssl=1 1024w, https:\/\/i0.wp.com\/gerry001.myds.me\/wordpress\/wp-content\/uploads\/2023\/03\/IMG_20230116_150405-scaled.jpg?resize=300%2C135&amp;ssl=1 300w, https:\/\/i0.wp.com\/gerry001.myds.me\/wordpress\/wp-content\/uploads\/2023\/03\/IMG_20230116_150405-scaled.jpg?resize=768%2C346&amp;ssl=1 768w, https:\/\/i0.wp.com\/gerry001.myds.me\/wordpress\/wp-content\/uploads\/2023\/03\/IMG_20230116_150405-scaled.jpg?resize=1536%2C692&amp;ssl=1 1536w, https:\/\/i0.wp.com\/gerry001.myds.me\/wordpress\/wp-content\/uploads\/2023\/03\/IMG_20230116_150405-scaled.jpg?resize=2048%2C922&amp;ssl=1 2048w, https:\/\/i0.wp.com\/gerry001.myds.me\/wordpress\/wp-content\/uploads\/2023\/03\/IMG_20230116_150405-scaled.jpg?resize=133%2C60&amp;ssl=1 133w, https:\/\/i0.wp.com\/gerry001.myds.me\/wordpress\/wp-content\/uploads\/2023\/03\/IMG_20230116_150405-scaled.jpg?w=2400&amp;ssl=1 2400w\" sizes=\"auto, (max-width: 1024px) 100vw, 1024px\" \/><\/figure>\n\n\n\n<figure class=\"wp-block-image size-large is-style-default\"><img data-recalc-dims=\"1\" loading=\"lazy\" decoding=\"async\" width=\"1024\" height=\"253\" data-id=\"879\" src=\"https:\/\/i0.wp.com\/gerry001.myds.me\/wordpress\/wp-content\/uploads\/2023\/03\/IMG_20230116_145559.jpg?resize=1024%2C253&#038;ssl=1\" alt=\"Panorama Bild Rohrspitz\" class=\"wp-image-879\" title=\"Panorama Bild Rohrspitz\" srcset=\"https:\/\/i0.wp.com\/gerry001.myds.me\/wordpress\/wp-content\/uploads\/2023\/03\/IMG_20230116_145559-scaled.jpg?resize=1024%2C253&amp;ssl=1 1024w, https:\/\/i0.wp.com\/gerry001.myds.me\/wordpress\/wp-content\/uploads\/2023\/03\/IMG_20230116_145559-scaled.jpg?resize=300%2C74&amp;ssl=1 300w, https:\/\/i0.wp.com\/gerry001.myds.me\/wordpress\/wp-content\/uploads\/2023\/03\/IMG_20230116_145559-scaled.jpg?resize=768%2C190&amp;ssl=1 768w, https:\/\/i0.wp.com\/gerry001.myds.me\/wordpress\/wp-content\/uploads\/2023\/03\/IMG_20230116_145559-scaled.jpg?resize=1536%2C379&amp;ssl=1 1536w, https:\/\/i0.wp.com\/gerry001.myds.me\/wordpress\/wp-content\/uploads\/2023\/03\/IMG_20230116_145559-scaled.jpg?resize=2048%2C505&amp;ssl=1 2048w, https:\/\/i0.wp.com\/gerry001.myds.me\/wordpress\/wp-content\/uploads\/2023\/03\/IMG_20230116_145559-scaled.jpg?resize=243%2C60&amp;ssl=1 243w, https:\/\/i0.wp.com\/gerry001.myds.me\/wordpress\/wp-content\/uploads\/2023\/03\/IMG_20230116_145559-scaled.jpg?w=2400&amp;ssl=1 2400w\" sizes=\"auto, (max-width: 1024px) 100vw, 1024px\" \/><\/figure>\n\n\n\n<figure class=\"wp-block-image size-large is-style-default\"><img data-recalc-dims=\"1\" loading=\"lazy\" decoding=\"async\" width=\"1024\" height=\"512\" data-id=\"718\" src=\"https:\/\/i0.wp.com\/gerry001.myds.me\/wordpress\/wp-content\/uploads\/2023\/03\/IMG_20220305_144323.jpg?resize=1024%2C512&#038;ssl=1\" alt=\"Am Rohrspitz Beach\" class=\"wp-image-718\" title=\"Am Rohrspitz Beach\" srcset=\"https:\/\/i0.wp.com\/gerry001.myds.me\/wordpress\/wp-content\/uploads\/2023\/03\/IMG_20220305_144323-scaled.jpg?resize=1024%2C512&amp;ssl=1 1024w, https:\/\/i0.wp.com\/gerry001.myds.me\/wordpress\/wp-content\/uploads\/2023\/03\/IMG_20220305_144323-scaled.jpg?resize=300%2C150&amp;ssl=1 300w, https:\/\/i0.wp.com\/gerry001.myds.me\/wordpress\/wp-content\/uploads\/2023\/03\/IMG_20220305_144323-scaled.jpg?resize=768%2C384&amp;ssl=1 768w, https:\/\/i0.wp.com\/gerry001.myds.me\/wordpress\/wp-content\/uploads\/2023\/03\/IMG_20220305_144323-scaled.jpg?resize=1536%2C768&amp;ssl=1 1536w, https:\/\/i0.wp.com\/gerry001.myds.me\/wordpress\/wp-content\/uploads\/2023\/03\/IMG_20220305_144323-scaled.jpg?resize=2048%2C1024&amp;ssl=1 2048w, https:\/\/i0.wp.com\/gerry001.myds.me\/wordpress\/wp-content\/uploads\/2023\/03\/IMG_20220305_144323-scaled.jpg?resize=120%2C60&amp;ssl=1 120w, https:\/\/i0.wp.com\/gerry001.myds.me\/wordpress\/wp-content\/uploads\/2023\/03\/IMG_20220305_144323-scaled.jpg?w=2400&amp;ssl=1 2400w\" sizes=\"auto, (max-width: 1024px) 100vw, 1024px\" \/><\/figure>\n\n\n\n<figure class=\"wp-block-image size-large is-style-default\"><img data-recalc-dims=\"1\" loading=\"lazy\" decoding=\"async\" width=\"1024\" height=\"512\" data-id=\"717\" src=\"https:\/\/i0.wp.com\/gerry001.myds.me\/wordpress\/wp-content\/uploads\/2023\/03\/IMG_20220303_153513.jpg?resize=1024%2C512&#038;ssl=1\" alt=\"Blick Richtung Rheinm\u00fcndung\" class=\"wp-image-717\" title=\"Blick Richtung Rheinm\u00fcndung\" srcset=\"https:\/\/i0.wp.com\/gerry001.myds.me\/wordpress\/wp-content\/uploads\/2023\/03\/IMG_20220303_153513-scaled.jpg?resize=1024%2C512&amp;ssl=1 1024w, https:\/\/i0.wp.com\/gerry001.myds.me\/wordpress\/wp-content\/uploads\/2023\/03\/IMG_20220303_153513-scaled.jpg?resize=300%2C150&amp;ssl=1 300w, https:\/\/i0.wp.com\/gerry001.myds.me\/wordpress\/wp-content\/uploads\/2023\/03\/IMG_20220303_153513-scaled.jpg?resize=768%2C384&amp;ssl=1 768w, https:\/\/i0.wp.com\/gerry001.myds.me\/wordpress\/wp-content\/uploads\/2023\/03\/IMG_20220303_153513-scaled.jpg?resize=1536%2C768&amp;ssl=1 1536w, https:\/\/i0.wp.com\/gerry001.myds.me\/wordpress\/wp-content\/uploads\/2023\/03\/IMG_20220303_153513-scaled.jpg?resize=2048%2C1024&amp;ssl=1 2048w, https:\/\/i0.wp.com\/gerry001.myds.me\/wordpress\/wp-content\/uploads\/2023\/03\/IMG_20220303_153513-scaled.jpg?resize=120%2C60&amp;ssl=1 120w, https:\/\/i0.wp.com\/gerry001.myds.me\/wordpress\/wp-content\/uploads\/2023\/03\/IMG_20220303_153513-scaled.jpg?w=2400&amp;ssl=1 2400w\" sizes=\"auto, (max-width: 1024px) 100vw, 1024px\" \/><\/figure>\n\n\n\n<figure class=\"wp-block-image size-large is-style-default\"><img data-recalc-dims=\"1\" loading=\"lazy\" decoding=\"async\" width=\"1024\" height=\"512\" data-id=\"716\" src=\"https:\/\/i0.wp.com\/gerry001.myds.me\/wordpress\/wp-content\/uploads\/2023\/03\/IMG_20220303_152714_1.jpg?resize=1024%2C512&#038;ssl=1\" alt=\"Monti besucht Schw\u00e4ne am Rohrspitz\" class=\"wp-image-716\" title=\"Monti besucht Schw\u00e4ne am Rohrspitz\" srcset=\"https:\/\/i0.wp.com\/gerry001.myds.me\/wordpress\/wp-content\/uploads\/2023\/03\/IMG_20220303_152714_1-scaled.jpg?resize=1024%2C512&amp;ssl=1 1024w, https:\/\/i0.wp.com\/gerry001.myds.me\/wordpress\/wp-content\/uploads\/2023\/03\/IMG_20220303_152714_1-scaled.jpg?resize=300%2C150&amp;ssl=1 300w, https:\/\/i0.wp.com\/gerry001.myds.me\/wordpress\/wp-content\/uploads\/2023\/03\/IMG_20220303_152714_1-scaled.jpg?resize=768%2C384&amp;ssl=1 768w, https:\/\/i0.wp.com\/gerry001.myds.me\/wordpress\/wp-content\/uploads\/2023\/03\/IMG_20220303_152714_1-scaled.jpg?resize=1536%2C768&amp;ssl=1 1536w, https:\/\/i0.wp.com\/gerry001.myds.me\/wordpress\/wp-content\/uploads\/2023\/03\/IMG_20220303_152714_1-scaled.jpg?resize=2048%2C1024&amp;ssl=1 2048w, https:\/\/i0.wp.com\/gerry001.myds.me\/wordpress\/wp-content\/uploads\/2023\/03\/IMG_20220303_152714_1-scaled.jpg?resize=120%2C60&amp;ssl=1 120w, https:\/\/i0.wp.com\/gerry001.myds.me\/wordpress\/wp-content\/uploads\/2023\/03\/IMG_20220303_152714_1-scaled.jpg?w=2400&amp;ssl=1 2400w\" sizes=\"auto, (max-width: 1024px) 100vw, 1024px\" \/><\/figure>\n\n\n\n<figure class=\"wp-block-image size-large is-style-default\"><img data-recalc-dims=\"1\" loading=\"lazy\" decoding=\"async\" width=\"1024\" height=\"512\" data-id=\"714\" src=\"https:\/\/i0.wp.com\/gerry001.myds.me\/wordpress\/wp-content\/uploads\/2023\/03\/IMG_20220223_150259_1-1.jpg?resize=1024%2C512&#038;ssl=1\" alt=\"Naturwiese am Rohrspitz\" class=\"wp-image-714\" title=\"Naturwiese am Rohrspitz\" srcset=\"https:\/\/i0.wp.com\/gerry001.myds.me\/wordpress\/wp-content\/uploads\/2023\/03\/IMG_20220223_150259_1-1-scaled.jpg?resize=1024%2C512&amp;ssl=1 1024w, https:\/\/i0.wp.com\/gerry001.myds.me\/wordpress\/wp-content\/uploads\/2023\/03\/IMG_20220223_150259_1-1-scaled.jpg?resize=300%2C150&amp;ssl=1 300w, https:\/\/i0.wp.com\/gerry001.myds.me\/wordpress\/wp-content\/uploads\/2023\/03\/IMG_20220223_150259_1-1-scaled.jpg?resize=768%2C384&amp;ssl=1 768w, https:\/\/i0.wp.com\/gerry001.myds.me\/wordpress\/wp-content\/uploads\/2023\/03\/IMG_20220223_150259_1-1-scaled.jpg?resize=1536%2C768&amp;ssl=1 1536w, https:\/\/i0.wp.com\/gerry001.myds.me\/wordpress\/wp-content\/uploads\/2023\/03\/IMG_20220223_150259_1-1-scaled.jpg?resize=2048%2C1024&amp;ssl=1 2048w, https:\/\/i0.wp.com\/gerry001.myds.me\/wordpress\/wp-content\/uploads\/2023\/03\/IMG_20220223_150259_1-1-scaled.jpg?resize=120%2C60&amp;ssl=1 120w, https:\/\/i0.wp.com\/gerry001.myds.me\/wordpress\/wp-content\/uploads\/2023\/03\/IMG_20220223_150259_1-1-scaled.jpg?w=2400&amp;ssl=1 2400w\" sizes=\"auto, (max-width: 1024px) 100vw, 1024px\" \/><\/figure>\n\n\n\n<figure class=\"wp-block-image size-large is-style-default\"><img data-recalc-dims=\"1\" loading=\"lazy\" decoding=\"async\" width=\"1024\" height=\"512\" data-id=\"713\" src=\"https:\/\/i0.wp.com\/gerry001.myds.me\/wordpress\/wp-content\/uploads\/2023\/03\/IMG_20220223_150257-1.jpg?resize=1024%2C512&#038;ssl=1\" alt=\"Naturwiese am Rohrspitz\" class=\"wp-image-713\" title=\"Naturwiese am Rohrspitz\" srcset=\"https:\/\/i0.wp.com\/gerry001.myds.me\/wordpress\/wp-content\/uploads\/2023\/03\/IMG_20220223_150257-1-scaled.jpg?resize=1024%2C512&amp;ssl=1 1024w, https:\/\/i0.wp.com\/gerry001.myds.me\/wordpress\/wp-content\/uploads\/2023\/03\/IMG_20220223_150257-1-scaled.jpg?resize=300%2C150&amp;ssl=1 300w, https:\/\/i0.wp.com\/gerry001.myds.me\/wordpress\/wp-content\/uploads\/2023\/03\/IMG_20220223_150257-1-scaled.jpg?resize=768%2C384&amp;ssl=1 768w, https:\/\/i0.wp.com\/gerry001.myds.me\/wordpress\/wp-content\/uploads\/2023\/03\/IMG_20220223_150257-1-scaled.jpg?resize=1536%2C768&amp;ssl=1 1536w, https:\/\/i0.wp.com\/gerry001.myds.me\/wordpress\/wp-content\/uploads\/2023\/03\/IMG_20220223_150257-1-scaled.jpg?resize=2048%2C1024&amp;ssl=1 2048w, https:\/\/i0.wp.com\/gerry001.myds.me\/wordpress\/wp-content\/uploads\/2023\/03\/IMG_20220223_150257-1-scaled.jpg?resize=120%2C60&amp;ssl=1 120w, https:\/\/i0.wp.com\/gerry001.myds.me\/wordpress\/wp-content\/uploads\/2023\/03\/IMG_20220223_150257-1-scaled.jpg?w=2400&amp;ssl=1 2400w\" sizes=\"auto, (max-width: 1024px) 100vw, 1024px\" \/><\/figure>\n\n\n\n<figure class=\"wp-block-image size-large is-style-default\"><img data-recalc-dims=\"1\" loading=\"lazy\" decoding=\"async\" width=\"1024\" height=\"512\" data-id=\"2453\" src=\"https:\/\/i0.wp.com\/gerry001.myds.me\/wordpress\/wp-content\/uploads\/2023\/05\/monti_rohrspitz.jpg?resize=1024%2C512&#038;ssl=1\" alt=\"Auf dem Weg zum Rohrspitz in H\u00f6chst\" class=\"wp-image-2453\" title=\"Auf dem Weg zum Rohrspitz in H\u00f6chst\" srcset=\"https:\/\/i0.wp.com\/gerry001.myds.me\/wordpress\/wp-content\/uploads\/2023\/05\/monti_rohrspitz-scaled.jpg?resize=1024%2C512&amp;ssl=1 1024w, https:\/\/i0.wp.com\/gerry001.myds.me\/wordpress\/wp-content\/uploads\/2023\/05\/monti_rohrspitz-scaled.jpg?resize=300%2C150&amp;ssl=1 300w, https:\/\/i0.wp.com\/gerry001.myds.me\/wordpress\/wp-content\/uploads\/2023\/05\/monti_rohrspitz-scaled.jpg?resize=768%2C384&amp;ssl=1 768w, https:\/\/i0.wp.com\/gerry001.myds.me\/wordpress\/wp-content\/uploads\/2023\/05\/monti_rohrspitz-scaled.jpg?resize=1536%2C768&amp;ssl=1 1536w, https:\/\/i0.wp.com\/gerry001.myds.me\/wordpress\/wp-content\/uploads\/2023\/05\/monti_rohrspitz-scaled.jpg?resize=2048%2C1024&amp;ssl=1 2048w, https:\/\/i0.wp.com\/gerry001.myds.me\/wordpress\/wp-content\/uploads\/2023\/05\/monti_rohrspitz-scaled.jpg?w=2400&amp;ssl=1 2400w\" sizes=\"auto, (max-width: 1024px) 100vw, 1024px\" \/><\/figure>\n<\/figure>\n\n\n\n<p>Das Naturschutzgebiet bietet auch vielen Zugv\u00f6geln ein wichtiges Rast- und \u00dcberwinterungsgebiet. Jedes Jahr machen hier tausende von V\u00f6geln auf ihrem Weg in den S\u00fcden Halt, um sich auszuruhen und zu fressen.<\/p>\n\n\n<div class=\"wp-block-image is-style-default\">\n<figure class=\"aligncenter size-large\"><img data-recalc-dims=\"1\" loading=\"lazy\" decoding=\"async\" width=\"747\" height=\"1024\" src=\"https:\/\/i0.wp.com\/gerry001.myds.me\/wordpress\/wp-content\/uploads\/2023\/05\/rohrspitz_wasserfee.jpg?resize=747%2C1024&#038;ssl=1\" alt=\"Rohrspitz Wasserfee freut sich auf ein Wiedersehen\" class=\"wp-image-2493\" title=\"Rohrspitz Wasserfee\" srcset=\"https:\/\/i0.wp.com\/gerry001.myds.me\/wordpress\/wp-content\/uploads\/2023\/05\/rohrspitz_wasserfee.jpg?resize=747%2C1024&amp;ssl=1 747w, https:\/\/i0.wp.com\/gerry001.myds.me\/wordpress\/wp-content\/uploads\/2023\/05\/rohrspitz_wasserfee.jpg?resize=219%2C300&amp;ssl=1 219w, https:\/\/i0.wp.com\/gerry001.myds.me\/wordpress\/wp-content\/uploads\/2023\/05\/rohrspitz_wasserfee.jpg?resize=768%2C1053&amp;ssl=1 768w, https:\/\/i0.wp.com\/gerry001.myds.me\/wordpress\/wp-content\/uploads\/2023\/05\/rohrspitz_wasserfee.jpg?resize=1120%2C1536&amp;ssl=1 1120w, https:\/\/i0.wp.com\/gerry001.myds.me\/wordpress\/wp-content\/uploads\/2023\/05\/rohrspitz_wasserfee.jpg?resize=1494%2C2048&amp;ssl=1 1494w, https:\/\/i0.wp.com\/gerry001.myds.me\/wordpress\/wp-content\/uploads\/2023\/05\/rohrspitz_wasserfee.jpg?w=1824&amp;ssl=1 1824w\" sizes=\"auto, (max-width: 747px) 100vw, 747px\" \/><figcaption class=\"wp-element-caption\">Auf Wiedersehen am Rohrspitz<\/figcaption><\/figure><\/div>\n\n\n<p>Besucher k\u00f6nnen das Naturschutzgebiet auf verschiedenen Wegen erkunden, darunter ein Rundweg entlang des Sees und ein Aussichtsturm, von dem aus man einen Panoramablick \u00fcber das Gebiet und den Bodensee hat. Es gibt auch eine Vogelbeobachtungsstation und einen Lehrpfad, der Besuchern Informationen \u00fcber die Tier- und Pflanzenwelt des Gebiets vermittelt.<\/p>\n","protected":false},"excerpt":{"rendered":"<p>Der Rohrspitz befindet sich in der Gemeinde H\u00f6chst und erstreckt sich \u00fcber eine Fl\u00e4che von etwa 100 Hektar. Das Naturschutzgebiet besteht aus einer Vielzahl von Lebensr\u00e4umen wie Strand, Schilfg\u00fcrtel, Feuchtwiesen, Salz- und S\u00fc\u00dfwassert\u00fcmpeln, R\u00f6hrichten und W\u00e4ldern. Der Rohrspitz H\u00f6chst ist ein wichtiger Lebensraum f\u00fcr viele seltene und gesch\u00fctzte Tier- und Pflanzenarten. Hier leben verschiedene Vogelarten&hellip;&nbsp;<a href=\"https:\/\/gerry001.myds.me\/wordpress\/monti-on-tour\/rohrspitz\/\" rel=\"bookmark\">Weiterlesen &raquo;<span class=\"screen-reader-text\">Rohrspitz<\/span><\/a><\/p>\n","protected":false},"author":1,"featured_media":0,"parent":107,"menu_order":2,"comment_status":"closed","ping_status":"closed","template":"","meta":{"neve_meta_sidebar":"","neve_meta_container":"","neve_meta_enable_content_width":"","neve_meta_content_width":0,"neve_meta_title_alignment":"","neve_meta_author_avatar":"","neve_post_elements_order":"","neve_meta_disable_header":"","neve_meta_disable_footer":"","neve_meta_disable_title":"","footnotes":""},"class_list":["post-110","page","type-page","status-publish","hentry"],"jetpack_sharing_enabled":true,"_links":{"self":[{"href":"https:\/\/gerry001.myds.me\/wordpress\/wp-json\/wp\/v2\/pages\/110","targetHints":{"allow":["GET"]}}],"collection":[{"href":"https:\/\/gerry001.myds.me\/wordpress\/wp-json\/wp\/v2\/pages"}],"about":[{"href":"https:\/\/gerry001.myds.me\/wordpress\/wp-json\/wp\/v2\/types\/page"}],"author":[{"embeddable":true,"href":"https:\/\/gerry001.myds.me\/wordpress\/wp-json\/wp\/v2\/users\/1"}],"replies":[{"embeddable":true,"href":"https:\/\/gerry001.myds.me\/wordpress\/wp-json\/wp\/v2\/comments?post=110"}],"version-history":[{"count":0,"href":"https:\/\/gerry001.myds.me\/wordpress\/wp-json\/wp\/v2\/pages\/110\/revisions"}],"up":[{"embeddable":true,"href":"https:\/\/gerry001.myds.me\/wordpress\/wp-json\/wp\/v2\/pages\/107"}],"wp:attachment":[{"href":"https:\/\/gerry001.myds.me\/wordpress\/wp-json\/wp\/v2\/media?parent=110"}],"curies":[{"name":"wp","href":"https:\/\/api.w.org\/{rel}","templated":true}]}}