{"id":140,"date":"2023-03-04T06:50:56","date_gmt":"2023-03-04T05:50:56","guid":{"rendered":"https:\/\/gerry001.myds.me\/wordpress\/?page_id=140"},"modified":"2023-06-30T17:19:00","modified_gmt":"2023-06-30T15:19:00","slug":"lustenauer-huette","status":"publish","type":"page","link":"https:\/\/gerry001.myds.me\/wordpress\/monti-on-tour\/lustenauer-huette\/","title":{"rendered":"Lustenauer H\u00fctte"},"content":{"rendered":"\n<figure class=\"wp-block-gallery aligncenter has-nested-images columns-1 wp-block-gallery-1 is-layout-flex wp-block-gallery-is-layout-flex\">\n<figure class=\"wp-block-image size-full is-style-default\"><img data-recalc-dims=\"1\" loading=\"lazy\" decoding=\"async\" width=\"1200\" height=\"2400\" data-id=\"126\" src=\"https:\/\/i0.wp.com\/gerry001.myds.me\/wordpress\/wp-content\/uploads\/2023\/03\/MVIMG_20210825_111250-scaled.jpg?resize=1200%2C2400&#038;ssl=1\" alt=\"Wegweiser zur Lustenauer H\u00fctte\" class=\"wp-image-126\" srcset=\"https:\/\/i0.wp.com\/gerry001.myds.me\/wordpress\/wp-content\/uploads\/2023\/03\/MVIMG_20210825_111250-scaled.jpg?w=1280&amp;ssl=1 1280w, https:\/\/i0.wp.com\/gerry001.myds.me\/wordpress\/wp-content\/uploads\/2023\/03\/MVIMG_20210825_111250-scaled.jpg?resize=150%2C300&amp;ssl=1 150w, https:\/\/i0.wp.com\/gerry001.myds.me\/wordpress\/wp-content\/uploads\/2023\/03\/MVIMG_20210825_111250-scaled.jpg?resize=512%2C1024&amp;ssl=1 512w, https:\/\/i0.wp.com\/gerry001.myds.me\/wordpress\/wp-content\/uploads\/2023\/03\/MVIMG_20210825_111250-scaled.jpg?resize=768%2C1536&amp;ssl=1 768w, https:\/\/i0.wp.com\/gerry001.myds.me\/wordpress\/wp-content\/uploads\/2023\/03\/MVIMG_20210825_111250-scaled.jpg?resize=1024%2C2048&amp;ssl=1 1024w, https:\/\/i0.wp.com\/gerry001.myds.me\/wordpress\/wp-content\/uploads\/2023\/03\/MVIMG_20210825_111250-scaled.jpg?resize=30%2C60&amp;ssl=1 30w\" sizes=\"auto, (max-width: 1200px) 100vw, 1200px\" \/><figcaption class=\"wp-element-caption\">Wegweiser zur Lustenauer H\u00fctte<\/figcaption><\/figure>\n\n\n\n<figure class=\"wp-block-image size-full is-style-default\"><img data-recalc-dims=\"1\" loading=\"lazy\" decoding=\"async\" width=\"1200\" height=\"600\" data-id=\"121\" src=\"https:\/\/i0.wp.com\/gerry001.myds.me\/wordpress\/wp-content\/uploads\/2023\/03\/MVIMG_20210825_130250-scaled.jpg?resize=1200%2C600&#038;ssl=1\" alt=\"\" class=\"wp-image-121\" srcset=\"https:\/\/i0.wp.com\/gerry001.myds.me\/wordpress\/wp-content\/uploads\/2023\/03\/MVIMG_20210825_130250-scaled.jpg?w=2560&amp;ssl=1 2560w, https:\/\/i0.wp.com\/gerry001.myds.me\/wordpress\/wp-content\/uploads\/2023\/03\/MVIMG_20210825_130250-scaled.jpg?resize=300%2C150&amp;ssl=1 300w, https:\/\/i0.wp.com\/gerry001.myds.me\/wordpress\/wp-content\/uploads\/2023\/03\/MVIMG_20210825_130250-scaled.jpg?resize=1024%2C512&amp;ssl=1 1024w, https:\/\/i0.wp.com\/gerry001.myds.me\/wordpress\/wp-content\/uploads\/2023\/03\/MVIMG_20210825_130250-scaled.jpg?resize=768%2C384&amp;ssl=1 768w, https:\/\/i0.wp.com\/gerry001.myds.me\/wordpress\/wp-content\/uploads\/2023\/03\/MVIMG_20210825_130250-scaled.jpg?resize=1536%2C768&amp;ssl=1 1536w, https:\/\/i0.wp.com\/gerry001.myds.me\/wordpress\/wp-content\/uploads\/2023\/03\/MVIMG_20210825_130250-scaled.jpg?resize=2048%2C1024&amp;ssl=1 2048w, https:\/\/i0.wp.com\/gerry001.myds.me\/wordpress\/wp-content\/uploads\/2023\/03\/MVIMG_20210825_130250-scaled.jpg?resize=120%2C60&amp;ssl=1 120w, https:\/\/i0.wp.com\/gerry001.myds.me\/wordpress\/wp-content\/uploads\/2023\/03\/MVIMG_20210825_130250-scaled.jpg?w=2400&amp;ssl=1 2400w\" sizes=\"auto, (max-width: 1200px) 100vw, 1200px\" \/><figcaption class=\"wp-element-caption\">B\u00f6dele See<\/figcaption><\/figure>\n\n\n\n<figure class=\"wp-block-image size-full is-style-default\"><img data-recalc-dims=\"1\" loading=\"lazy\" decoding=\"async\" width=\"1200\" height=\"600\" data-id=\"127\" src=\"https:\/\/i0.wp.com\/gerry001.myds.me\/wordpress\/wp-content\/uploads\/2023\/03\/MVIMG_20210825_102541-scaled.jpg?resize=1200%2C600&#038;ssl=1\" alt=\"\" class=\"wp-image-127\" srcset=\"https:\/\/i0.wp.com\/gerry001.myds.me\/wordpress\/wp-content\/uploads\/2023\/03\/MVIMG_20210825_102541-scaled.jpg?w=2560&amp;ssl=1 2560w, https:\/\/i0.wp.com\/gerry001.myds.me\/wordpress\/wp-content\/uploads\/2023\/03\/MVIMG_20210825_102541-scaled.jpg?resize=300%2C150&amp;ssl=1 300w, https:\/\/i0.wp.com\/gerry001.myds.me\/wordpress\/wp-content\/uploads\/2023\/03\/MVIMG_20210825_102541-scaled.jpg?resize=1024%2C512&amp;ssl=1 1024w, https:\/\/i0.wp.com\/gerry001.myds.me\/wordpress\/wp-content\/uploads\/2023\/03\/MVIMG_20210825_102541-scaled.jpg?resize=768%2C384&amp;ssl=1 768w, https:\/\/i0.wp.com\/gerry001.myds.me\/wordpress\/wp-content\/uploads\/2023\/03\/MVIMG_20210825_102541-scaled.jpg?resize=1536%2C768&amp;ssl=1 1536w, https:\/\/i0.wp.com\/gerry001.myds.me\/wordpress\/wp-content\/uploads\/2023\/03\/MVIMG_20210825_102541-scaled.jpg?resize=2048%2C1024&amp;ssl=1 2048w, https:\/\/i0.wp.com\/gerry001.myds.me\/wordpress\/wp-content\/uploads\/2023\/03\/MVIMG_20210825_102541-scaled.jpg?resize=120%2C60&amp;ssl=1 120w, https:\/\/i0.wp.com\/gerry001.myds.me\/wordpress\/wp-content\/uploads\/2023\/03\/MVIMG_20210825_102541-scaled.jpg?w=2400&amp;ssl=1 2400w\" sizes=\"auto, (max-width: 1200px) 100vw, 1200px\" \/><figcaption class=\"wp-element-caption\">Monti nimmt eine Abk\u00fcrzung<\/figcaption><\/figure>\n\n\n\n<figure class=\"wp-block-image size-full is-style-default\"><img data-recalc-dims=\"1\" loading=\"lazy\" decoding=\"async\" width=\"1200\" height=\"600\" data-id=\"123\" src=\"https:\/\/i0.wp.com\/gerry001.myds.me\/wordpress\/wp-content\/uploads\/2023\/03\/MVIMG_20210825_121353-scaled.jpg?resize=1200%2C600&#038;ssl=1\" alt=\"\" class=\"wp-image-123\" srcset=\"https:\/\/i0.wp.com\/gerry001.myds.me\/wordpress\/wp-content\/uploads\/2023\/03\/MVIMG_20210825_121353-scaled.jpg?w=2560&amp;ssl=1 2560w, https:\/\/i0.wp.com\/gerry001.myds.me\/wordpress\/wp-content\/uploads\/2023\/03\/MVIMG_20210825_121353-scaled.jpg?resize=300%2C150&amp;ssl=1 300w, https:\/\/i0.wp.com\/gerry001.myds.me\/wordpress\/wp-content\/uploads\/2023\/03\/MVIMG_20210825_121353-scaled.jpg?resize=1024%2C512&amp;ssl=1 1024w, https:\/\/i0.wp.com\/gerry001.myds.me\/wordpress\/wp-content\/uploads\/2023\/03\/MVIMG_20210825_121353-scaled.jpg?resize=768%2C384&amp;ssl=1 768w, https:\/\/i0.wp.com\/gerry001.myds.me\/wordpress\/wp-content\/uploads\/2023\/03\/MVIMG_20210825_121353-scaled.jpg?resize=1536%2C768&amp;ssl=1 1536w, https:\/\/i0.wp.com\/gerry001.myds.me\/wordpress\/wp-content\/uploads\/2023\/03\/MVIMG_20210825_121353-scaled.jpg?resize=2048%2C1024&amp;ssl=1 2048w, https:\/\/i0.wp.com\/gerry001.myds.me\/wordpress\/wp-content\/uploads\/2023\/03\/MVIMG_20210825_121353-scaled.jpg?resize=120%2C60&amp;ssl=1 120w, https:\/\/i0.wp.com\/gerry001.myds.me\/wordpress\/wp-content\/uploads\/2023\/03\/MVIMG_20210825_121353-scaled.jpg?w=2400&amp;ssl=1 2400w\" sizes=\"auto, (max-width: 1200px) 100vw, 1200px\" \/><figcaption class=\"wp-element-caption\">Wer ist Erster?<\/figcaption><\/figure>\n\n\n\n<figure class=\"wp-block-image size-full is-style-default\"><img data-recalc-dims=\"1\" loading=\"lazy\" decoding=\"async\" width=\"1200\" height=\"600\" data-id=\"125\" src=\"https:\/\/i0.wp.com\/gerry001.myds.me\/wordpress\/wp-content\/uploads\/2023\/03\/MVIMG_20210825_113206_1-scaled.jpg?resize=1200%2C600&#038;ssl=1\" alt=\"\" class=\"wp-image-125\" srcset=\"https:\/\/i0.wp.com\/gerry001.myds.me\/wordpress\/wp-content\/uploads\/2023\/03\/MVIMG_20210825_113206_1-scaled.jpg?w=2560&amp;ssl=1 2560w, https:\/\/i0.wp.com\/gerry001.myds.me\/wordpress\/wp-content\/uploads\/2023\/03\/MVIMG_20210825_113206_1-scaled.jpg?resize=300%2C150&amp;ssl=1 300w, https:\/\/i0.wp.com\/gerry001.myds.me\/wordpress\/wp-content\/uploads\/2023\/03\/MVIMG_20210825_113206_1-scaled.jpg?resize=1024%2C512&amp;ssl=1 1024w, https:\/\/i0.wp.com\/gerry001.myds.me\/wordpress\/wp-content\/uploads\/2023\/03\/MVIMG_20210825_113206_1-scaled.jpg?resize=768%2C384&amp;ssl=1 768w, https:\/\/i0.wp.com\/gerry001.myds.me\/wordpress\/wp-content\/uploads\/2023\/03\/MVIMG_20210825_113206_1-scaled.jpg?resize=1536%2C768&amp;ssl=1 1536w, https:\/\/i0.wp.com\/gerry001.myds.me\/wordpress\/wp-content\/uploads\/2023\/03\/MVIMG_20210825_113206_1-scaled.jpg?resize=2048%2C1024&amp;ssl=1 2048w, https:\/\/i0.wp.com\/gerry001.myds.me\/wordpress\/wp-content\/uploads\/2023\/03\/MVIMG_20210825_113206_1-scaled.jpg?resize=120%2C60&amp;ssl=1 120w, https:\/\/i0.wp.com\/gerry001.myds.me\/wordpress\/wp-content\/uploads\/2023\/03\/MVIMG_20210825_113206_1-scaled.jpg?w=2400&amp;ssl=1 2400w\" sizes=\"auto, (max-width: 1200px) 100vw, 1200px\" \/><figcaption class=\"wp-element-caption\">Lustenauer H\u00fctte<\/figcaption><\/figure>\n\n\n\n<figure class=\"wp-block-image size-full is-style-default\"><img data-recalc-dims=\"1\" loading=\"lazy\" decoding=\"async\" width=\"1200\" height=\"600\" data-id=\"122\" src=\"https:\/\/i0.wp.com\/gerry001.myds.me\/wordpress\/wp-content\/uploads\/2023\/03\/MVIMG_20210825_130233-scaled.jpg?resize=1200%2C600&#038;ssl=1\" alt=\"\" class=\"wp-image-122\" srcset=\"https:\/\/i0.wp.com\/gerry001.myds.me\/wordpress\/wp-content\/uploads\/2023\/03\/MVIMG_20210825_130233-scaled.jpg?w=2560&amp;ssl=1 2560w, https:\/\/i0.wp.com\/gerry001.myds.me\/wordpress\/wp-content\/uploads\/2023\/03\/MVIMG_20210825_130233-scaled.jpg?resize=300%2C150&amp;ssl=1 300w, https:\/\/i0.wp.com\/gerry001.myds.me\/wordpress\/wp-content\/uploads\/2023\/03\/MVIMG_20210825_130233-scaled.jpg?resize=1024%2C512&amp;ssl=1 1024w, https:\/\/i0.wp.com\/gerry001.myds.me\/wordpress\/wp-content\/uploads\/2023\/03\/MVIMG_20210825_130233-scaled.jpg?resize=768%2C384&amp;ssl=1 768w, https:\/\/i0.wp.com\/gerry001.myds.me\/wordpress\/wp-content\/uploads\/2023\/03\/MVIMG_20210825_130233-scaled.jpg?resize=1536%2C768&amp;ssl=1 1536w, https:\/\/i0.wp.com\/gerry001.myds.me\/wordpress\/wp-content\/uploads\/2023\/03\/MVIMG_20210825_130233-scaled.jpg?resize=2048%2C1024&amp;ssl=1 2048w, https:\/\/i0.wp.com\/gerry001.myds.me\/wordpress\/wp-content\/uploads\/2023\/03\/MVIMG_20210825_130233-scaled.jpg?resize=120%2C60&amp;ssl=1 120w, https:\/\/i0.wp.com\/gerry001.myds.me\/wordpress\/wp-content\/uploads\/2023\/03\/MVIMG_20210825_130233-scaled.jpg?w=2400&amp;ssl=1 2400w\" sizes=\"auto, (max-width: 1200px) 100vw, 1200px\" \/><figcaption class=\"wp-element-caption\">Der Weg zur\u00fcck<\/figcaption><\/figure>\n<\/figure>\n\n\n\n<p>Die Lustenauer H\u00fctte ist eine Alpenh\u00fctte in Vorarlberg, \u00d6sterreich. Sie befindet sich auf dem B\u00f6dele, einem beliebten Skigebiet und Wandergebiet in der N\u00e4he der Stadt Dornbirn.<\/p>\n\n\n\n<p>Die H\u00fctte ist sowohl im Sommer als auch im Winter ge\u00f6ffnet und bietet Wanderern und Skifahrern eine malerische Unterkunft in den Bergen. Im Winter ist die H\u00fctte ein beliebter Ausgangspunkt f\u00fcr Skitouren, Schneeschuhwanderungen und Abfahrten auf den umliegenden Pisten. Im Sommer k\u00f6nnen Wanderer die umliegenden Berge und Almen erkunden.<\/p>\n\n\n\n<p>Die Lage der Lustenauer H\u00fctte ist ideal f\u00fcr einen Tagesausflug oder eine \u00dcbernachtung in den Bergen, da sie gut mit \u00f6ffentlichen Verkehrsmitteln und mit dem Auto erreichbar ist.<\/p>\n","protected":false},"excerpt":{"rendered":"<p>Die Lustenauer H\u00fctte ist eine Alpenh\u00fctte in Vorarlberg, \u00d6sterreich. Sie befindet sich auf dem B\u00f6dele, einem beliebten Skigebiet und Wandergebiet in der N\u00e4he der Stadt Dornbirn. Die H\u00fctte ist sowohl im Sommer als auch im Winter ge\u00f6ffnet und bietet Wanderern und Skifahrern eine malerische Unterkunft in den Bergen. Im Winter ist die H\u00fctte ein beliebter&hellip;&nbsp;<a href=\"https:\/\/gerry001.myds.me\/wordpress\/monti-on-tour\/lustenauer-huette\/\" rel=\"bookmark\">Weiterlesen &raquo;<span class=\"screen-reader-text\">Lustenauer H\u00fctte<\/span><\/a><\/p>\n","protected":false},"author":1,"featured_media":0,"parent":107,"menu_order":9,"comment_status":"closed","ping_status":"closed","template":"","meta":{"neve_meta_sidebar":"","neve_meta_container":"","neve_meta_enable_content_width":"","neve_meta_content_width":0,"neve_meta_title_alignment":"","neve_meta_author_avatar":"","neve_post_elements_order":"","neve_meta_disable_header":"","neve_meta_disable_footer":"","neve_meta_disable_title":"","footnotes":""},"class_list":["post-140","page","type-page","status-publish","hentry"],"jetpack_sharing_enabled":true,"_links":{"self":[{"href":"https:\/\/gerry001.myds.me\/wordpress\/wp-json\/wp\/v2\/pages\/140","targetHints":{"allow":["GET"]}}],"collection":[{"href":"https:\/\/gerry001.myds.me\/wordpress\/wp-json\/wp\/v2\/pages"}],"about":[{"href":"https:\/\/gerry001.myds.me\/wordpress\/wp-json\/wp\/v2\/types\/page"}],"author":[{"embeddable":true,"href":"https:\/\/gerry001.myds.me\/wordpress\/wp-json\/wp\/v2\/users\/1"}],"replies":[{"embeddable":true,"href":"https:\/\/gerry001.myds.me\/wordpress\/wp-json\/wp\/v2\/comments?post=140"}],"version-history":[{"count":0,"href":"https:\/\/gerry001.myds.me\/wordpress\/wp-json\/wp\/v2\/pages\/140\/revisions"}],"up":[{"embeddable":true,"href":"https:\/\/gerry001.myds.me\/wordpress\/wp-json\/wp\/v2\/pages\/107"}],"wp:attachment":[{"href":"https:\/\/gerry001.myds.me\/wordpress\/wp-json\/wp\/v2\/media?parent=140"}],"curies":[{"name":"wp","href":"https:\/\/api.w.org\/{rel}","templated":true}]}}