{"id":150,"date":"2023-03-04T07:02:13","date_gmt":"2023-03-04T06:02:13","guid":{"rendered":"https:\/\/gerry001.myds.me\/wordpress\/?page_id=150"},"modified":"2023-08-16T06:47:41","modified_gmt":"2023-08-16T04:47:41","slug":"rappenloch","status":"publish","type":"page","link":"https:\/\/gerry001.myds.me\/wordpress\/monti-on-tour\/rappenloch\/","title":{"rendered":"Rappenloch"},"content":{"rendered":"\n<figure class=\"wp-block-image alignfull size-large is-style-default\"><img data-recalc-dims=\"1\" loading=\"lazy\" decoding=\"async\" width=\"1024\" height=\"512\" src=\"https:\/\/i0.wp.com\/gerry001.myds.me\/wordpress\/wp-content\/uploads\/2023\/04\/MVIMG_20210820_132737.jpg?resize=1024%2C512&#038;ssl=1\" alt=\"\" class=\"wp-image-2364\" srcset=\"https:\/\/i0.wp.com\/gerry001.myds.me\/wordpress\/wp-content\/uploads\/2023\/04\/MVIMG_20210820_132737-scaled.jpg?resize=1024%2C512&amp;ssl=1 1024w, https:\/\/i0.wp.com\/gerry001.myds.me\/wordpress\/wp-content\/uploads\/2023\/04\/MVIMG_20210820_132737-scaled.jpg?resize=300%2C150&amp;ssl=1 300w, https:\/\/i0.wp.com\/gerry001.myds.me\/wordpress\/wp-content\/uploads\/2023\/04\/MVIMG_20210820_132737-scaled.jpg?resize=768%2C384&amp;ssl=1 768w, https:\/\/i0.wp.com\/gerry001.myds.me\/wordpress\/wp-content\/uploads\/2023\/04\/MVIMG_20210820_132737-scaled.jpg?resize=1536%2C768&amp;ssl=1 1536w, https:\/\/i0.wp.com\/gerry001.myds.me\/wordpress\/wp-content\/uploads\/2023\/04\/MVIMG_20210820_132737-scaled.jpg?resize=2048%2C1024&amp;ssl=1 2048w, https:\/\/i0.wp.com\/gerry001.myds.me\/wordpress\/wp-content\/uploads\/2023\/04\/MVIMG_20210820_132737-scaled.jpg?w=2400&amp;ssl=1 2400w\" sizes=\"auto, (max-width: 1024px) 100vw, 1024px\" \/><\/figure>\n\n\n\n<p><br>Das Rappenloch G\u00fctle ist eine beliebte Wanderstrecke in Vorarlberg, \u00d6sterreich. Es befindet sich in der N\u00e4he von Dornbirn und ist ein Teil des Naturdenkmals &#8222;Rappenlochschlucht&#8220;.<\/p>\n\n\n\n<p>Die Wanderung beginnt am Parkplatz G\u00fctle und f\u00fchrt durch den Wald, vorbei an kleinen Wasserf\u00e4llen und B\u00e4chen. Der Weg schl\u00e4ngelt sich durch die Schlucht, die von hohen Felsw\u00e4nden umgeben ist, und f\u00fchrt schlie\u00dflich zur Alpe Oberfallenberg.<\/p>\n\n\n\n<p>Die Strecke ist etwa 4 Kilometer lang und dauert etwa 1,5 Stunden. Es ist eine leichte Wanderung, die f\u00fcr alle Altersgruppen geeignet ist. Die meisten Teile des Weges sind gut gepflastert und es gibt viele Sitzgelegenheiten entlang des Weges, um eine Pause einzulegen und die Aussicht zu genie\u00dfen.<\/p>\n\n\n\n<p class=\"has-medium-font-size\"><strong>Monti im G\u00fctle<\/strong><\/p>\n\n\n\n<figure class=\"wp-block-gallery alignwide has-nested-images columns-1 wp-block-gallery-1 is-layout-flex wp-block-gallery-is-layout-flex\">\n<figure class=\"wp-block-image alignfull size-medium has-custom-border is-style-default\"><img data-recalc-dims=\"1\" loading=\"lazy\" decoding=\"async\" width=\"300\" height=\"150\" data-id=\"138\" src=\"https:\/\/i0.wp.com\/gerry001.myds.me\/wordpress\/wp-content\/uploads\/2023\/03\/MVIMG_20210820_132711.jpg?resize=300%2C150&#038;ssl=1\" alt=\"Monti im Rappenloch\" class=\"wp-image-138\" style=\"border-style:none;border-width:0px\" srcset=\"https:\/\/i0.wp.com\/gerry001.myds.me\/wordpress\/wp-content\/uploads\/2023\/03\/MVIMG_20210820_132711-scaled.jpg?resize=300%2C150&amp;ssl=1 300w, https:\/\/i0.wp.com\/gerry001.myds.me\/wordpress\/wp-content\/uploads\/2023\/03\/MVIMG_20210820_132711-scaled.jpg?resize=1024%2C512&amp;ssl=1 1024w, https:\/\/i0.wp.com\/gerry001.myds.me\/wordpress\/wp-content\/uploads\/2023\/03\/MVIMG_20210820_132711-scaled.jpg?resize=768%2C384&amp;ssl=1 768w, https:\/\/i0.wp.com\/gerry001.myds.me\/wordpress\/wp-content\/uploads\/2023\/03\/MVIMG_20210820_132711-scaled.jpg?resize=1536%2C768&amp;ssl=1 1536w, https:\/\/i0.wp.com\/gerry001.myds.me\/wordpress\/wp-content\/uploads\/2023\/03\/MVIMG_20210820_132711-scaled.jpg?resize=2048%2C1024&amp;ssl=1 2048w, https:\/\/i0.wp.com\/gerry001.myds.me\/wordpress\/wp-content\/uploads\/2023\/03\/MVIMG_20210820_132711-scaled.jpg?resize=120%2C60&amp;ssl=1 120w, https:\/\/i0.wp.com\/gerry001.myds.me\/wordpress\/wp-content\/uploads\/2023\/03\/MVIMG_20210820_132711-scaled.jpg?w=2400&amp;ssl=1 2400w\" sizes=\"auto, (max-width: 300px) 100vw, 300px\" \/><\/figure>\n\n\n<div class=\"wp-block-image is-style-default\">\n<figure class=\"aligncenter size-medium has-custom-border\"><img data-recalc-dims=\"1\" loading=\"lazy\" decoding=\"async\" width=\"300\" height=\"150\" data-id=\"136\" src=\"https:\/\/i0.wp.com\/gerry001.myds.me\/wordpress\/wp-content\/uploads\/2023\/03\/MVIMG_20210820_135718_1.jpg?resize=300%2C150&#038;ssl=1\" alt=\"\" class=\"wp-image-136\" style=\"border-style:none;border-width:0px;border-radius:0px\" srcset=\"https:\/\/i0.wp.com\/gerry001.myds.me\/wordpress\/wp-content\/uploads\/2023\/03\/MVIMG_20210820_135718_1-scaled.jpg?resize=300%2C150&amp;ssl=1 300w, https:\/\/i0.wp.com\/gerry001.myds.me\/wordpress\/wp-content\/uploads\/2023\/03\/MVIMG_20210820_135718_1-scaled.jpg?resize=1024%2C512&amp;ssl=1 1024w, https:\/\/i0.wp.com\/gerry001.myds.me\/wordpress\/wp-content\/uploads\/2023\/03\/MVIMG_20210820_135718_1-scaled.jpg?resize=768%2C384&amp;ssl=1 768w, https:\/\/i0.wp.com\/gerry001.myds.me\/wordpress\/wp-content\/uploads\/2023\/03\/MVIMG_20210820_135718_1-scaled.jpg?resize=1536%2C768&amp;ssl=1 1536w, https:\/\/i0.wp.com\/gerry001.myds.me\/wordpress\/wp-content\/uploads\/2023\/03\/MVIMG_20210820_135718_1-scaled.jpg?resize=2048%2C1024&amp;ssl=1 2048w, https:\/\/i0.wp.com\/gerry001.myds.me\/wordpress\/wp-content\/uploads\/2023\/03\/MVIMG_20210820_135718_1-scaled.jpg?resize=120%2C60&amp;ssl=1 120w, https:\/\/i0.wp.com\/gerry001.myds.me\/wordpress\/wp-content\/uploads\/2023\/03\/MVIMG_20210820_135718_1-scaled.jpg?w=2400&amp;ssl=1 2400w\" sizes=\"auto, (max-width: 300px) 100vw, 300px\" \/><\/figure><\/div>\n\n\n<figure class=\"wp-block-image size-medium is-style-default\"><img data-recalc-dims=\"1\" loading=\"lazy\" decoding=\"async\" width=\"300\" height=\"150\" data-id=\"2365\" src=\"https:\/\/i0.wp.com\/gerry001.myds.me\/wordpress\/wp-content\/uploads\/2023\/04\/MVIMG_20210820_132828.jpg?resize=300%2C150&#038;ssl=1\" alt=\"\" class=\"wp-image-2365\" srcset=\"https:\/\/i0.wp.com\/gerry001.myds.me\/wordpress\/wp-content\/uploads\/2023\/04\/MVIMG_20210820_132828-scaled.jpg?resize=300%2C150&amp;ssl=1 300w, https:\/\/i0.wp.com\/gerry001.myds.me\/wordpress\/wp-content\/uploads\/2023\/04\/MVIMG_20210820_132828-scaled.jpg?resize=1024%2C512&amp;ssl=1 1024w, https:\/\/i0.wp.com\/gerry001.myds.me\/wordpress\/wp-content\/uploads\/2023\/04\/MVIMG_20210820_132828-scaled.jpg?resize=768%2C384&amp;ssl=1 768w, https:\/\/i0.wp.com\/gerry001.myds.me\/wordpress\/wp-content\/uploads\/2023\/04\/MVIMG_20210820_132828-scaled.jpg?resize=1536%2C768&amp;ssl=1 1536w, https:\/\/i0.wp.com\/gerry001.myds.me\/wordpress\/wp-content\/uploads\/2023\/04\/MVIMG_20210820_132828-scaled.jpg?resize=2048%2C1024&amp;ssl=1 2048w, https:\/\/i0.wp.com\/gerry001.myds.me\/wordpress\/wp-content\/uploads\/2023\/04\/MVIMG_20210820_132828-scaled.jpg?w=2400&amp;ssl=1 2400w\" sizes=\"auto, (max-width: 300px) 100vw, 300px\" \/><\/figure>\n\n\n\n<figure class=\"wp-block-image size-medium is-style-default\"><img data-recalc-dims=\"1\" loading=\"lazy\" decoding=\"async\" width=\"300\" height=\"150\" data-id=\"2364\" src=\"https:\/\/i0.wp.com\/gerry001.myds.me\/wordpress\/wp-content\/uploads\/2023\/04\/MVIMG_20210820_132737.jpg?resize=300%2C150&#038;ssl=1\" alt=\"\" class=\"wp-image-2364\" srcset=\"https:\/\/i0.wp.com\/gerry001.myds.me\/wordpress\/wp-content\/uploads\/2023\/04\/MVIMG_20210820_132737-scaled.jpg?resize=300%2C150&amp;ssl=1 300w, https:\/\/i0.wp.com\/gerry001.myds.me\/wordpress\/wp-content\/uploads\/2023\/04\/MVIMG_20210820_132737-scaled.jpg?resize=1024%2C512&amp;ssl=1 1024w, https:\/\/i0.wp.com\/gerry001.myds.me\/wordpress\/wp-content\/uploads\/2023\/04\/MVIMG_20210820_132737-scaled.jpg?resize=768%2C384&amp;ssl=1 768w, https:\/\/i0.wp.com\/gerry001.myds.me\/wordpress\/wp-content\/uploads\/2023\/04\/MVIMG_20210820_132737-scaled.jpg?resize=1536%2C768&amp;ssl=1 1536w, https:\/\/i0.wp.com\/gerry001.myds.me\/wordpress\/wp-content\/uploads\/2023\/04\/MVIMG_20210820_132737-scaled.jpg?resize=2048%2C1024&amp;ssl=1 2048w, https:\/\/i0.wp.com\/gerry001.myds.me\/wordpress\/wp-content\/uploads\/2023\/04\/MVIMG_20210820_132737-scaled.jpg?w=2400&amp;ssl=1 2400w\" sizes=\"auto, (max-width: 300px) 100vw, 300px\" \/><\/figure>\n\n\n\n<figure class=\"wp-block-image size-medium has-custom-border is-style-default\"><img data-recalc-dims=\"1\" loading=\"lazy\" decoding=\"async\" width=\"150\" height=\"300\" data-id=\"137\" src=\"https:\/\/i0.wp.com\/gerry001.myds.me\/wordpress\/wp-content\/uploads\/2023\/03\/MVIMG_20210820_134239.jpg?resize=150%2C300&#038;ssl=1\" alt=\"Monti\u00b4s Stammbaum\" class=\"wp-image-137\" style=\"border-style:none;border-width:0px\" srcset=\"https:\/\/i0.wp.com\/gerry001.myds.me\/wordpress\/wp-content\/uploads\/2023\/03\/MVIMG_20210820_134239-scaled.jpg?resize=150%2C300&amp;ssl=1 150w, https:\/\/i0.wp.com\/gerry001.myds.me\/wordpress\/wp-content\/uploads\/2023\/03\/MVIMG_20210820_134239-scaled.jpg?resize=512%2C1024&amp;ssl=1 512w, https:\/\/i0.wp.com\/gerry001.myds.me\/wordpress\/wp-content\/uploads\/2023\/03\/MVIMG_20210820_134239-scaled.jpg?resize=768%2C1536&amp;ssl=1 768w, https:\/\/i0.wp.com\/gerry001.myds.me\/wordpress\/wp-content\/uploads\/2023\/03\/MVIMG_20210820_134239-scaled.jpg?resize=1024%2C2048&amp;ssl=1 1024w, https:\/\/i0.wp.com\/gerry001.myds.me\/wordpress\/wp-content\/uploads\/2023\/03\/MVIMG_20210820_134239-scaled.jpg?resize=30%2C60&amp;ssl=1 30w, https:\/\/i0.wp.com\/gerry001.myds.me\/wordpress\/wp-content\/uploads\/2023\/03\/MVIMG_20210820_134239-scaled.jpg?w=1280&amp;ssl=1 1280w\" sizes=\"auto, (max-width: 150px) 100vw, 150px\" \/><\/figure>\n\n\n<div class=\"wp-block-image is-style-default\">\n<figure class=\"aligncenter size-medium\"><img data-recalc-dims=\"1\" loading=\"lazy\" decoding=\"async\" width=\"150\" height=\"300\" data-id=\"2356\" src=\"https:\/\/i0.wp.com\/gerry001.myds.me\/wordpress\/wp-content\/uploads\/2023\/04\/rappenloch.jpg?resize=150%2C300&#038;ssl=1\" alt=\"\" class=\"wp-image-2356\" srcset=\"https:\/\/i0.wp.com\/gerry001.myds.me\/wordpress\/wp-content\/uploads\/2023\/04\/rappenloch-scaled.jpg?resize=150%2C300&amp;ssl=1 150w, https:\/\/i0.wp.com\/gerry001.myds.me\/wordpress\/wp-content\/uploads\/2023\/04\/rappenloch-scaled.jpg?resize=512%2C1024&amp;ssl=1 512w, https:\/\/i0.wp.com\/gerry001.myds.me\/wordpress\/wp-content\/uploads\/2023\/04\/rappenloch-scaled.jpg?resize=768%2C1536&amp;ssl=1 768w, https:\/\/i0.wp.com\/gerry001.myds.me\/wordpress\/wp-content\/uploads\/2023\/04\/rappenloch-scaled.jpg?resize=1024%2C2048&amp;ssl=1 1024w, https:\/\/i0.wp.com\/gerry001.myds.me\/wordpress\/wp-content\/uploads\/2023\/04\/rappenloch-scaled.jpg?w=1280&amp;ssl=1 1280w\" sizes=\"auto, (max-width: 150px) 100vw, 150px\" \/><\/figure><\/div><\/figure>\n\n\n\n<p>Das Rappenloch G\u00fctle und die Rappenlochschlucht sind auch bei Kletterern beliebt, da es mehrere Kletterrouten gibt, die von den Felsw\u00e4nden abgehen.<\/p>\n\n\n\n<figure class=\"wp-block-image alignfull size-large\"><img data-recalc-dims=\"1\" loading=\"lazy\" decoding=\"async\" width=\"1024\" height=\"461\" src=\"https:\/\/i0.wp.com\/gerry001.myds.me\/wordpress\/wp-content\/uploads\/2023\/03\/IMG_20230313_102629.jpg?resize=1024%2C461&#038;ssl=1\" alt=\"\" class=\"wp-image-1646\" srcset=\"https:\/\/i0.wp.com\/gerry001.myds.me\/wordpress\/wp-content\/uploads\/2023\/03\/IMG_20230313_102629-scaled.jpg?resize=1024%2C461&amp;ssl=1 1024w, https:\/\/i0.wp.com\/gerry001.myds.me\/wordpress\/wp-content\/uploads\/2023\/03\/IMG_20230313_102629-scaled.jpg?resize=300%2C135&amp;ssl=1 300w, https:\/\/i0.wp.com\/gerry001.myds.me\/wordpress\/wp-content\/uploads\/2023\/03\/IMG_20230313_102629-scaled.jpg?resize=768%2C346&amp;ssl=1 768w, https:\/\/i0.wp.com\/gerry001.myds.me\/wordpress\/wp-content\/uploads\/2023\/03\/IMG_20230313_102629-scaled.jpg?resize=1536%2C692&amp;ssl=1 1536w, https:\/\/i0.wp.com\/gerry001.myds.me\/wordpress\/wp-content\/uploads\/2023\/03\/IMG_20230313_102629-scaled.jpg?resize=2048%2C922&amp;ssl=1 2048w, https:\/\/i0.wp.com\/gerry001.myds.me\/wordpress\/wp-content\/uploads\/2023\/03\/IMG_20230313_102629-scaled.jpg?resize=133%2C60&amp;ssl=1 133w, https:\/\/i0.wp.com\/gerry001.myds.me\/wordpress\/wp-content\/uploads\/2023\/03\/IMG_20230313_102629-scaled.jpg?resize=600%2C270&amp;ssl=1 600w, https:\/\/i0.wp.com\/gerry001.myds.me\/wordpress\/wp-content\/uploads\/2023\/03\/IMG_20230313_102629-scaled.jpg?w=2400&amp;ssl=1 2400w\" sizes=\"auto, (max-width: 1024px) 100vw, 1024px\" \/><\/figure>\n\n\n\n<p><br>Insgesamt ist das Rappenloch G\u00fctle ein wundersch\u00f6nes Wandergebiet, das f\u00fcr seine atemberaubende Landschaft und seine friedliche Atmosph\u00e4re bekannt ist.<\/p>\n\n\n","protected":false},"excerpt":{"rendered":"<p>Das Rappenloch G\u00fctle ist eine beliebte Wanderstrecke in Vorarlberg, \u00d6sterreich. Es befindet sich in der N\u00e4he von Dornbirn und ist ein Teil des Naturdenkmals &#8222;Rappenlochschlucht&#8220;. Die Wanderung beginnt am Parkplatz G\u00fctle und f\u00fchrt durch den Wald, vorbei an kleinen Wasserf\u00e4llen und B\u00e4chen. Der Weg schl\u00e4ngelt sich durch die Schlucht, die von hohen Felsw\u00e4nden umgeben ist,&hellip;&nbsp;<a href=\"https:\/\/gerry001.myds.me\/wordpress\/monti-on-tour\/rappenloch\/\" rel=\"bookmark\">Weiterlesen &raquo;<span class=\"screen-reader-text\">Rappenloch<\/span><\/a><\/p>\n","protected":false},"author":1,"featured_media":0,"parent":107,"menu_order":8,"comment_status":"closed","ping_status":"closed","template":"","meta":{"neve_meta_sidebar":"","neve_meta_container":"","neve_meta_enable_content_width":"","neve_meta_content_width":0,"neve_meta_title_alignment":"","neve_meta_author_avatar":"","neve_post_elements_order":"","neve_meta_disable_header":"","neve_meta_disable_footer":"","neve_meta_disable_title":"","footnotes":""},"class_list":["post-150","page","type-page","status-publish","hentry"],"jetpack_sharing_enabled":true,"_links":{"self":[{"href":"https:\/\/gerry001.myds.me\/wordpress\/wp-json\/wp\/v2\/pages\/150","targetHints":{"allow":["GET"]}}],"collection":[{"href":"https:\/\/gerry001.myds.me\/wordpress\/wp-json\/wp\/v2\/pages"}],"about":[{"href":"https:\/\/gerry001.myds.me\/wordpress\/wp-json\/wp\/v2\/types\/page"}],"author":[{"embeddable":true,"href":"https:\/\/gerry001.myds.me\/wordpress\/wp-json\/wp\/v2\/users\/1"}],"replies":[{"embeddable":true,"href":"https:\/\/gerry001.myds.me\/wordpress\/wp-json\/wp\/v2\/comments?post=150"}],"version-history":[{"count":0,"href":"https:\/\/gerry001.myds.me\/wordpress\/wp-json\/wp\/v2\/pages\/150\/revisions"}],"up":[{"embeddable":true,"href":"https:\/\/gerry001.myds.me\/wordpress\/wp-json\/wp\/v2\/pages\/107"}],"wp:attachment":[{"href":"https:\/\/gerry001.myds.me\/wordpress\/wp-json\/wp\/v2\/media?parent=150"}],"curies":[{"name":"wp","href":"https:\/\/api.w.org\/{rel}","templated":true}]}}