{"id":215,"date":"2023-03-04T09:35:19","date_gmt":"2023-03-04T08:35:19","guid":{"rendered":"https:\/\/gerry001.myds.me\/wordpress\/?page_id=215"},"modified":"2023-12-11T09:32:22","modified_gmt":"2023-12-11T08:32:22","slug":"bregenzer-wald","status":"publish","type":"page","link":"https:\/\/gerry001.myds.me\/wordpress\/monti-on-tour\/bregenzer-wald\/","title":{"rendered":"Bregenzer Wald"},"content":{"rendered":"\n<figure class=\"wp-block-image alignfull size-full\"><img data-recalc-dims=\"1\" loading=\"lazy\" decoding=\"async\" width=\"1200\" height=\"600\" src=\"https:\/\/i0.wp.com\/gerry001.myds.me\/wordpress\/wp-content\/uploads\/2023\/03\/MVIMG_20210902_091216-scaled.jpg?resize=1200%2C600&#038;ssl=1\" alt=\"Bregenzer Wald - Monti in Sulzberg\" class=\"wp-image-690\" title=\"Monti in Sulzberg\" srcset=\"https:\/\/i0.wp.com\/gerry001.myds.me\/wordpress\/wp-content\/uploads\/2023\/03\/MVIMG_20210902_091216-scaled.jpg?w=2560&amp;ssl=1 2560w, https:\/\/i0.wp.com\/gerry001.myds.me\/wordpress\/wp-content\/uploads\/2023\/03\/MVIMG_20210902_091216-scaled.jpg?resize=300%2C150&amp;ssl=1 300w, https:\/\/i0.wp.com\/gerry001.myds.me\/wordpress\/wp-content\/uploads\/2023\/03\/MVIMG_20210902_091216-scaled.jpg?resize=1024%2C512&amp;ssl=1 1024w, https:\/\/i0.wp.com\/gerry001.myds.me\/wordpress\/wp-content\/uploads\/2023\/03\/MVIMG_20210902_091216-scaled.jpg?resize=768%2C384&amp;ssl=1 768w, https:\/\/i0.wp.com\/gerry001.myds.me\/wordpress\/wp-content\/uploads\/2023\/03\/MVIMG_20210902_091216-scaled.jpg?resize=1536%2C768&amp;ssl=1 1536w, https:\/\/i0.wp.com\/gerry001.myds.me\/wordpress\/wp-content\/uploads\/2023\/03\/MVIMG_20210902_091216-scaled.jpg?resize=2048%2C1024&amp;ssl=1 2048w, https:\/\/i0.wp.com\/gerry001.myds.me\/wordpress\/wp-content\/uploads\/2023\/03\/MVIMG_20210902_091216-scaled.jpg?resize=120%2C60&amp;ssl=1 120w, https:\/\/i0.wp.com\/gerry001.myds.me\/wordpress\/wp-content\/uploads\/2023\/03\/MVIMG_20210902_091216-scaled.jpg?w=2400&amp;ssl=1 2400w\" sizes=\"auto, (max-width: 1200px) 100vw, 1200px\" \/><\/figure>\n\n\n\n<p><br>Sulzberg ist ein kleines Dorf im Bregenzer Wald, gelegen in der N\u00e4he der Stadt Dornbirn in Vorarlberg, \u00d6sterreich. Es ist ein beliebtes Reiseziel f\u00fcr Naturliebhaber, die die ruhige Landschaft und die malerische Aussicht genie\u00dfen m\u00f6chten.<\/p>\n\n\n\n<p>Im Sommer bietet Sulzberg zahlreiche Wanderwege und Mountainbike-Strecken, die durch die sanften H\u00fcgel und gr\u00fcnen W\u00e4lder f\u00fchren. Es gibt auch mehrere Schwimm- und Angelseen in der Umgebung, die zum Entspannen und Genie\u00dfen der Natur einladen.<\/p>\n\n\n\n<p>Die Region ist auch bekannt f\u00fcr ihre kulinarische Vielfalt. Es gibt zahlreiche Restaurants und Gasth\u00f6fe, die traditionelle Vorarlberger K\u00fcche anbieten, sowie Weing\u00fcter und K\u00e4sereien, die lokale Spezialit\u00e4ten produzieren.<\/p>\n\n\n\n<p class=\"has-text-align-left has-medium-font-size\"><strong>Monti in Sulzberg<\/strong><\/p>\n\n\n\n<div class=\"wp-block-group alignfull is-vertical is-content-justification-center is-nowrap is-layout-flex wp-container-core-group-is-layout-73832be3 wp-block-group-is-layout-flex\">\n<figure class=\"wp-block-gallery has-nested-images columns-1 wp-block-gallery-1 is-layout-flex wp-block-gallery-is-layout-flex\">\n<figure class=\"wp-block-image alignfull size-full is-style-default\"><img data-recalc-dims=\"1\" loading=\"lazy\" decoding=\"async\" width=\"1153\" height=\"2560\" data-id=\"1298\" src=\"https:\/\/i0.wp.com\/gerry001.myds.me\/wordpress\/wp-content\/uploads\/2023\/03\/IMG_20220825_084033-scaled.jpg?resize=1153%2C2560&#038;ssl=1\" alt=\"\" class=\"wp-image-1298\" srcset=\"https:\/\/i0.wp.com\/gerry001.myds.me\/wordpress\/wp-content\/uploads\/2023\/03\/IMG_20220825_084033-scaled.jpg?w=1153&amp;ssl=1 1153w, https:\/\/i0.wp.com\/gerry001.myds.me\/wordpress\/wp-content\/uploads\/2023\/03\/IMG_20220825_084033-scaled.jpg?resize=135%2C300&amp;ssl=1 135w, https:\/\/i0.wp.com\/gerry001.myds.me\/wordpress\/wp-content\/uploads\/2023\/03\/IMG_20220825_084033-scaled.jpg?resize=461%2C1024&amp;ssl=1 461w, https:\/\/i0.wp.com\/gerry001.myds.me\/wordpress\/wp-content\/uploads\/2023\/03\/IMG_20220825_084033-scaled.jpg?resize=768%2C1706&amp;ssl=1 768w, https:\/\/i0.wp.com\/gerry001.myds.me\/wordpress\/wp-content\/uploads\/2023\/03\/IMG_20220825_084033-scaled.jpg?resize=692%2C1536&amp;ssl=1 692w, https:\/\/i0.wp.com\/gerry001.myds.me\/wordpress\/wp-content\/uploads\/2023\/03\/IMG_20220825_084033-scaled.jpg?resize=922%2C2048&amp;ssl=1 922w, https:\/\/i0.wp.com\/gerry001.myds.me\/wordpress\/wp-content\/uploads\/2023\/03\/IMG_20220825_084033-scaled.jpg?resize=27%2C60&amp;ssl=1 27w, https:\/\/i0.wp.com\/gerry001.myds.me\/wordpress\/wp-content\/uploads\/2023\/03\/IMG_20220825_084033-scaled.jpg?resize=270%2C600&amp;ssl=1 270w\" sizes=\"auto, (max-width: 1153px) 100vw, 1153px\" \/><\/figure>\n\n\n\n<figure class=\"wp-block-image size-full is-style-default\"><img data-recalc-dims=\"1\" loading=\"lazy\" decoding=\"async\" width=\"1200\" height=\"540\" data-id=\"1299\" src=\"https:\/\/i0.wp.com\/gerry001.myds.me\/wordpress\/wp-content\/uploads\/2023\/03\/IMG_20220825_075226-scaled.jpg?resize=1200%2C540&#038;ssl=1\" alt=\"\" class=\"wp-image-1299\" srcset=\"https:\/\/i0.wp.com\/gerry001.myds.me\/wordpress\/wp-content\/uploads\/2023\/03\/IMG_20220825_075226-scaled.jpg?w=2560&amp;ssl=1 2560w, https:\/\/i0.wp.com\/gerry001.myds.me\/wordpress\/wp-content\/uploads\/2023\/03\/IMG_20220825_075226-scaled.jpg?resize=300%2C135&amp;ssl=1 300w, https:\/\/i0.wp.com\/gerry001.myds.me\/wordpress\/wp-content\/uploads\/2023\/03\/IMG_20220825_075226-scaled.jpg?resize=1024%2C461&amp;ssl=1 1024w, https:\/\/i0.wp.com\/gerry001.myds.me\/wordpress\/wp-content\/uploads\/2023\/03\/IMG_20220825_075226-scaled.jpg?resize=768%2C346&amp;ssl=1 768w, https:\/\/i0.wp.com\/gerry001.myds.me\/wordpress\/wp-content\/uploads\/2023\/03\/IMG_20220825_075226-scaled.jpg?resize=1536%2C691&amp;ssl=1 1536w, https:\/\/i0.wp.com\/gerry001.myds.me\/wordpress\/wp-content\/uploads\/2023\/03\/IMG_20220825_075226-scaled.jpg?resize=2048%2C922&amp;ssl=1 2048w, https:\/\/i0.wp.com\/gerry001.myds.me\/wordpress\/wp-content\/uploads\/2023\/03\/IMG_20220825_075226-scaled.jpg?resize=133%2C60&amp;ssl=1 133w, https:\/\/i0.wp.com\/gerry001.myds.me\/wordpress\/wp-content\/uploads\/2023\/03\/IMG_20220825_075226-scaled.jpg?resize=600%2C270&amp;ssl=1 600w, https:\/\/i0.wp.com\/gerry001.myds.me\/wordpress\/wp-content\/uploads\/2023\/03\/IMG_20220825_075226-scaled.jpg?w=2400&amp;ssl=1 2400w\" sizes=\"auto, (max-width: 1200px) 100vw, 1200px\" \/><\/figure>\n\n\n\n<figure class=\"wp-block-image size-full is-style-default\"><img data-recalc-dims=\"1\" loading=\"lazy\" decoding=\"async\" width=\"1200\" height=\"540\" data-id=\"1297\" src=\"https:\/\/i0.wp.com\/gerry001.myds.me\/wordpress\/wp-content\/uploads\/2023\/03\/IMG_20220825_085942-scaled.jpg?resize=1200%2C540&#038;ssl=1\" alt=\"\" class=\"wp-image-1297\" srcset=\"https:\/\/i0.wp.com\/gerry001.myds.me\/wordpress\/wp-content\/uploads\/2023\/03\/IMG_20220825_085942-scaled.jpg?w=2560&amp;ssl=1 2560w, https:\/\/i0.wp.com\/gerry001.myds.me\/wordpress\/wp-content\/uploads\/2023\/03\/IMG_20220825_085942-scaled.jpg?resize=300%2C135&amp;ssl=1 300w, https:\/\/i0.wp.com\/gerry001.myds.me\/wordpress\/wp-content\/uploads\/2023\/03\/IMG_20220825_085942-scaled.jpg?resize=1024%2C461&amp;ssl=1 1024w, https:\/\/i0.wp.com\/gerry001.myds.me\/wordpress\/wp-content\/uploads\/2023\/03\/IMG_20220825_085942-scaled.jpg?resize=768%2C346&amp;ssl=1 768w, https:\/\/i0.wp.com\/gerry001.myds.me\/wordpress\/wp-content\/uploads\/2023\/03\/IMG_20220825_085942-scaled.jpg?resize=1536%2C692&amp;ssl=1 1536w, https:\/\/i0.wp.com\/gerry001.myds.me\/wordpress\/wp-content\/uploads\/2023\/03\/IMG_20220825_085942-scaled.jpg?resize=2048%2C922&amp;ssl=1 2048w, https:\/\/i0.wp.com\/gerry001.myds.me\/wordpress\/wp-content\/uploads\/2023\/03\/IMG_20220825_085942-scaled.jpg?resize=133%2C60&amp;ssl=1 133w, https:\/\/i0.wp.com\/gerry001.myds.me\/wordpress\/wp-content\/uploads\/2023\/03\/IMG_20220825_085942-scaled.jpg?resize=600%2C270&amp;ssl=1 600w, https:\/\/i0.wp.com\/gerry001.myds.me\/wordpress\/wp-content\/uploads\/2023\/03\/IMG_20220825_085942-scaled.jpg?w=2400&amp;ssl=1 2400w\" sizes=\"auto, (max-width: 1200px) 100vw, 1200px\" \/><\/figure>\n\n\n\n<figure class=\"wp-block-image size-full is-style-default\"><img data-recalc-dims=\"1\" loading=\"lazy\" decoding=\"async\" width=\"1200\" height=\"540\" data-id=\"1296\" src=\"https:\/\/i0.wp.com\/gerry001.myds.me\/wordpress\/wp-content\/uploads\/2023\/03\/IMG_20220825_085657-scaled.jpg?resize=1200%2C540&#038;ssl=1\" alt=\"\" class=\"wp-image-1296\" srcset=\"https:\/\/i0.wp.com\/gerry001.myds.me\/wordpress\/wp-content\/uploads\/2023\/03\/IMG_20220825_085657-scaled.jpg?w=2560&amp;ssl=1 2560w, https:\/\/i0.wp.com\/gerry001.myds.me\/wordpress\/wp-content\/uploads\/2023\/03\/IMG_20220825_085657-scaled.jpg?resize=300%2C135&amp;ssl=1 300w, https:\/\/i0.wp.com\/gerry001.myds.me\/wordpress\/wp-content\/uploads\/2023\/03\/IMG_20220825_085657-scaled.jpg?resize=1024%2C461&amp;ssl=1 1024w, https:\/\/i0.wp.com\/gerry001.myds.me\/wordpress\/wp-content\/uploads\/2023\/03\/IMG_20220825_085657-scaled.jpg?resize=768%2C346&amp;ssl=1 768w, https:\/\/i0.wp.com\/gerry001.myds.me\/wordpress\/wp-content\/uploads\/2023\/03\/IMG_20220825_085657-scaled.jpg?resize=1536%2C692&amp;ssl=1 1536w, https:\/\/i0.wp.com\/gerry001.myds.me\/wordpress\/wp-content\/uploads\/2023\/03\/IMG_20220825_085657-scaled.jpg?resize=2048%2C922&amp;ssl=1 2048w, https:\/\/i0.wp.com\/gerry001.myds.me\/wordpress\/wp-content\/uploads\/2023\/03\/IMG_20220825_085657-scaled.jpg?resize=133%2C60&amp;ssl=1 133w, https:\/\/i0.wp.com\/gerry001.myds.me\/wordpress\/wp-content\/uploads\/2023\/03\/IMG_20220825_085657-scaled.jpg?resize=600%2C270&amp;ssl=1 600w, https:\/\/i0.wp.com\/gerry001.myds.me\/wordpress\/wp-content\/uploads\/2023\/03\/IMG_20220825_085657-scaled.jpg?w=2400&amp;ssl=1 2400w\" sizes=\"auto, (max-width: 1200px) 100vw, 1200px\" \/><\/figure>\n\n\n\n<figure class=\"wp-block-image size-full is-style-default\"><img data-recalc-dims=\"1\" loading=\"lazy\" decoding=\"async\" width=\"1153\" height=\"2560\" data-id=\"1289\" src=\"https:\/\/i0.wp.com\/gerry001.myds.me\/wordpress\/wp-content\/uploads\/2023\/03\/IMG_20220825_091642-scaled.jpg?resize=1153%2C2560&#038;ssl=1\" alt=\"\" class=\"wp-image-1289\" srcset=\"https:\/\/i0.wp.com\/gerry001.myds.me\/wordpress\/wp-content\/uploads\/2023\/03\/IMG_20220825_091642-scaled.jpg?w=1153&amp;ssl=1 1153w, https:\/\/i0.wp.com\/gerry001.myds.me\/wordpress\/wp-content\/uploads\/2023\/03\/IMG_20220825_091642-scaled.jpg?resize=135%2C300&amp;ssl=1 135w, https:\/\/i0.wp.com\/gerry001.myds.me\/wordpress\/wp-content\/uploads\/2023\/03\/IMG_20220825_091642-scaled.jpg?resize=461%2C1024&amp;ssl=1 461w, https:\/\/i0.wp.com\/gerry001.myds.me\/wordpress\/wp-content\/uploads\/2023\/03\/IMG_20220825_091642-scaled.jpg?resize=768%2C1706&amp;ssl=1 768w, https:\/\/i0.wp.com\/gerry001.myds.me\/wordpress\/wp-content\/uploads\/2023\/03\/IMG_20220825_091642-scaled.jpg?resize=692%2C1536&amp;ssl=1 692w, https:\/\/i0.wp.com\/gerry001.myds.me\/wordpress\/wp-content\/uploads\/2023\/03\/IMG_20220825_091642-scaled.jpg?resize=922%2C2048&amp;ssl=1 922w, https:\/\/i0.wp.com\/gerry001.myds.me\/wordpress\/wp-content\/uploads\/2023\/03\/IMG_20220825_091642-scaled.jpg?resize=27%2C60&amp;ssl=1 27w, https:\/\/i0.wp.com\/gerry001.myds.me\/wordpress\/wp-content\/uploads\/2023\/03\/IMG_20220825_091642-scaled.jpg?resize=270%2C600&amp;ssl=1 270w\" sizes=\"auto, (max-width: 1153px) 100vw, 1153px\" \/><\/figure>\n\n\n\n<figure class=\"wp-block-image size-full is-style-default\"><img data-recalc-dims=\"1\" loading=\"lazy\" decoding=\"async\" width=\"1153\" height=\"2560\" data-id=\"1290\" src=\"https:\/\/i0.wp.com\/gerry001.myds.me\/wordpress\/wp-content\/uploads\/2023\/03\/IMG_20220825_092331-scaled.jpg?resize=1153%2C2560&#038;ssl=1\" alt=\"\" class=\"wp-image-1290\" srcset=\"https:\/\/i0.wp.com\/gerry001.myds.me\/wordpress\/wp-content\/uploads\/2023\/03\/IMG_20220825_092331-scaled.jpg?w=1153&amp;ssl=1 1153w, https:\/\/i0.wp.com\/gerry001.myds.me\/wordpress\/wp-content\/uploads\/2023\/03\/IMG_20220825_092331-scaled.jpg?resize=135%2C300&amp;ssl=1 135w, https:\/\/i0.wp.com\/gerry001.myds.me\/wordpress\/wp-content\/uploads\/2023\/03\/IMG_20220825_092331-scaled.jpg?resize=461%2C1024&amp;ssl=1 461w, https:\/\/i0.wp.com\/gerry001.myds.me\/wordpress\/wp-content\/uploads\/2023\/03\/IMG_20220825_092331-scaled.jpg?resize=768%2C1706&amp;ssl=1 768w, https:\/\/i0.wp.com\/gerry001.myds.me\/wordpress\/wp-content\/uploads\/2023\/03\/IMG_20220825_092331-scaled.jpg?resize=692%2C1536&amp;ssl=1 692w, https:\/\/i0.wp.com\/gerry001.myds.me\/wordpress\/wp-content\/uploads\/2023\/03\/IMG_20220825_092331-scaled.jpg?resize=922%2C2048&amp;ssl=1 922w, https:\/\/i0.wp.com\/gerry001.myds.me\/wordpress\/wp-content\/uploads\/2023\/03\/IMG_20220825_092331-scaled.jpg?resize=27%2C60&amp;ssl=1 27w, https:\/\/i0.wp.com\/gerry001.myds.me\/wordpress\/wp-content\/uploads\/2023\/03\/IMG_20220825_092331-scaled.jpg?resize=270%2C600&amp;ssl=1 270w\" sizes=\"auto, (max-width: 1153px) 100vw, 1153px\" \/><\/figure>\n\n\n\n<figure class=\"wp-block-image size-full is-style-default\"><img data-recalc-dims=\"1\" loading=\"lazy\" decoding=\"async\" width=\"1153\" height=\"2560\" data-id=\"1291\" src=\"https:\/\/i0.wp.com\/gerry001.myds.me\/wordpress\/wp-content\/uploads\/2023\/03\/IMG_20220825_092449-scaled.jpg?resize=1153%2C2560&#038;ssl=1\" alt=\"\" class=\"wp-image-1291\" srcset=\"https:\/\/i0.wp.com\/gerry001.myds.me\/wordpress\/wp-content\/uploads\/2023\/03\/IMG_20220825_092449-scaled.jpg?w=1153&amp;ssl=1 1153w, https:\/\/i0.wp.com\/gerry001.myds.me\/wordpress\/wp-content\/uploads\/2023\/03\/IMG_20220825_092449-scaled.jpg?resize=135%2C300&amp;ssl=1 135w, https:\/\/i0.wp.com\/gerry001.myds.me\/wordpress\/wp-content\/uploads\/2023\/03\/IMG_20220825_092449-scaled.jpg?resize=461%2C1024&amp;ssl=1 461w, https:\/\/i0.wp.com\/gerry001.myds.me\/wordpress\/wp-content\/uploads\/2023\/03\/IMG_20220825_092449-scaled.jpg?resize=768%2C1706&amp;ssl=1 768w, https:\/\/i0.wp.com\/gerry001.myds.me\/wordpress\/wp-content\/uploads\/2023\/03\/IMG_20220825_092449-scaled.jpg?resize=692%2C1536&amp;ssl=1 692w, https:\/\/i0.wp.com\/gerry001.myds.me\/wordpress\/wp-content\/uploads\/2023\/03\/IMG_20220825_092449-scaled.jpg?resize=922%2C2048&amp;ssl=1 922w, https:\/\/i0.wp.com\/gerry001.myds.me\/wordpress\/wp-content\/uploads\/2023\/03\/IMG_20220825_092449-scaled.jpg?resize=27%2C60&amp;ssl=1 27w, https:\/\/i0.wp.com\/gerry001.myds.me\/wordpress\/wp-content\/uploads\/2023\/03\/IMG_20220825_092449-scaled.jpg?resize=270%2C600&amp;ssl=1 270w\" sizes=\"auto, (max-width: 1153px) 100vw, 1153px\" \/><\/figure>\n\n\n\n<figure class=\"wp-block-image size-full is-style-default\"><img data-recalc-dims=\"1\" loading=\"lazy\" decoding=\"async\" width=\"1200\" height=\"540\" data-id=\"1292\" src=\"https:\/\/i0.wp.com\/gerry001.myds.me\/wordpress\/wp-content\/uploads\/2023\/03\/IMG_20220825_093944-scaled.jpg?resize=1200%2C540&#038;ssl=1\" alt=\"\" class=\"wp-image-1292\" srcset=\"https:\/\/i0.wp.com\/gerry001.myds.me\/wordpress\/wp-content\/uploads\/2023\/03\/IMG_20220825_093944-scaled.jpg?w=2560&amp;ssl=1 2560w, https:\/\/i0.wp.com\/gerry001.myds.me\/wordpress\/wp-content\/uploads\/2023\/03\/IMG_20220825_093944-scaled.jpg?resize=300%2C135&amp;ssl=1 300w, https:\/\/i0.wp.com\/gerry001.myds.me\/wordpress\/wp-content\/uploads\/2023\/03\/IMG_20220825_093944-scaled.jpg?resize=1024%2C461&amp;ssl=1 1024w, https:\/\/i0.wp.com\/gerry001.myds.me\/wordpress\/wp-content\/uploads\/2023\/03\/IMG_20220825_093944-scaled.jpg?resize=768%2C346&amp;ssl=1 768w, https:\/\/i0.wp.com\/gerry001.myds.me\/wordpress\/wp-content\/uploads\/2023\/03\/IMG_20220825_093944-scaled.jpg?resize=1536%2C692&amp;ssl=1 1536w, https:\/\/i0.wp.com\/gerry001.myds.me\/wordpress\/wp-content\/uploads\/2023\/03\/IMG_20220825_093944-scaled.jpg?resize=2048%2C922&amp;ssl=1 2048w, https:\/\/i0.wp.com\/gerry001.myds.me\/wordpress\/wp-content\/uploads\/2023\/03\/IMG_20220825_093944-scaled.jpg?resize=133%2C60&amp;ssl=1 133w, https:\/\/i0.wp.com\/gerry001.myds.me\/wordpress\/wp-content\/uploads\/2023\/03\/IMG_20220825_093944-scaled.jpg?resize=600%2C270&amp;ssl=1 600w, https:\/\/i0.wp.com\/gerry001.myds.me\/wordpress\/wp-content\/uploads\/2023\/03\/IMG_20220825_093944-scaled.jpg?w=2400&amp;ssl=1 2400w\" sizes=\"auto, (max-width: 1200px) 100vw, 1200px\" \/><\/figure>\n\n\n\n<figure class=\"wp-block-image size-full is-style-default\"><img data-recalc-dims=\"1\" loading=\"lazy\" decoding=\"async\" width=\"1200\" height=\"540\" data-id=\"1293\" src=\"https:\/\/i0.wp.com\/gerry001.myds.me\/wordpress\/wp-content\/uploads\/2023\/03\/IMG_20220825_090220-scaled.jpg?resize=1200%2C540&#038;ssl=1\" alt=\"\" class=\"wp-image-1293\" srcset=\"https:\/\/i0.wp.com\/gerry001.myds.me\/wordpress\/wp-content\/uploads\/2023\/03\/IMG_20220825_090220-scaled.jpg?w=2560&amp;ssl=1 2560w, https:\/\/i0.wp.com\/gerry001.myds.me\/wordpress\/wp-content\/uploads\/2023\/03\/IMG_20220825_090220-scaled.jpg?resize=300%2C135&amp;ssl=1 300w, https:\/\/i0.wp.com\/gerry001.myds.me\/wordpress\/wp-content\/uploads\/2023\/03\/IMG_20220825_090220-scaled.jpg?resize=1024%2C461&amp;ssl=1 1024w, https:\/\/i0.wp.com\/gerry001.myds.me\/wordpress\/wp-content\/uploads\/2023\/03\/IMG_20220825_090220-scaled.jpg?resize=768%2C346&amp;ssl=1 768w, https:\/\/i0.wp.com\/gerry001.myds.me\/wordpress\/wp-content\/uploads\/2023\/03\/IMG_20220825_090220-scaled.jpg?resize=1536%2C691&amp;ssl=1 1536w, https:\/\/i0.wp.com\/gerry001.myds.me\/wordpress\/wp-content\/uploads\/2023\/03\/IMG_20220825_090220-scaled.jpg?resize=2048%2C922&amp;ssl=1 2048w, https:\/\/i0.wp.com\/gerry001.myds.me\/wordpress\/wp-content\/uploads\/2023\/03\/IMG_20220825_090220-scaled.jpg?resize=133%2C60&amp;ssl=1 133w, https:\/\/i0.wp.com\/gerry001.myds.me\/wordpress\/wp-content\/uploads\/2023\/03\/IMG_20220825_090220-scaled.jpg?resize=600%2C270&amp;ssl=1 600w, https:\/\/i0.wp.com\/gerry001.myds.me\/wordpress\/wp-content\/uploads\/2023\/03\/IMG_20220825_090220-scaled.jpg?w=2400&amp;ssl=1 2400w\" sizes=\"auto, (max-width: 1200px) 100vw, 1200px\" \/><\/figure>\n\n\n\n<figure class=\"wp-block-image size-full is-style-default\"><img data-recalc-dims=\"1\" loading=\"lazy\" decoding=\"async\" width=\"1200\" height=\"540\" data-id=\"1295\" src=\"https:\/\/i0.wp.com\/gerry001.myds.me\/wordpress\/wp-content\/uploads\/2023\/03\/IMG_20220825_085828_1-scaled.jpg?resize=1200%2C540&#038;ssl=1\" alt=\"\" class=\"wp-image-1295\" srcset=\"https:\/\/i0.wp.com\/gerry001.myds.me\/wordpress\/wp-content\/uploads\/2023\/03\/IMG_20220825_085828_1-scaled.jpg?w=2560&amp;ssl=1 2560w, https:\/\/i0.wp.com\/gerry001.myds.me\/wordpress\/wp-content\/uploads\/2023\/03\/IMG_20220825_085828_1-scaled.jpg?resize=300%2C135&amp;ssl=1 300w, https:\/\/i0.wp.com\/gerry001.myds.me\/wordpress\/wp-content\/uploads\/2023\/03\/IMG_20220825_085828_1-scaled.jpg?resize=1024%2C461&amp;ssl=1 1024w, https:\/\/i0.wp.com\/gerry001.myds.me\/wordpress\/wp-content\/uploads\/2023\/03\/IMG_20220825_085828_1-scaled.jpg?resize=768%2C346&amp;ssl=1 768w, https:\/\/i0.wp.com\/gerry001.myds.me\/wordpress\/wp-content\/uploads\/2023\/03\/IMG_20220825_085828_1-scaled.jpg?resize=1536%2C692&amp;ssl=1 1536w, https:\/\/i0.wp.com\/gerry001.myds.me\/wordpress\/wp-content\/uploads\/2023\/03\/IMG_20220825_085828_1-scaled.jpg?resize=2048%2C922&amp;ssl=1 2048w, https:\/\/i0.wp.com\/gerry001.myds.me\/wordpress\/wp-content\/uploads\/2023\/03\/IMG_20220825_085828_1-scaled.jpg?resize=133%2C60&amp;ssl=1 133w, https:\/\/i0.wp.com\/gerry001.myds.me\/wordpress\/wp-content\/uploads\/2023\/03\/IMG_20220825_085828_1-scaled.jpg?resize=600%2C270&amp;ssl=1 600w, https:\/\/i0.wp.com\/gerry001.myds.me\/wordpress\/wp-content\/uploads\/2023\/03\/IMG_20220825_085828_1-scaled.jpg?w=2400&amp;ssl=1 2400w\" sizes=\"auto, (max-width: 1200px) 100vw, 1200px\" \/><\/figure>\n\n\n\n<figure class=\"wp-block-image size-full is-style-default\"><img data-recalc-dims=\"1\" loading=\"lazy\" decoding=\"async\" width=\"1153\" height=\"2560\" data-id=\"1288\" src=\"https:\/\/i0.wp.com\/gerry001.myds.me\/wordpress\/wp-content\/uploads\/2023\/03\/IMG_20220825_090908-scaled.jpg?resize=1153%2C2560&#038;ssl=1\" alt=\"\" class=\"wp-image-1288\" srcset=\"https:\/\/i0.wp.com\/gerry001.myds.me\/wordpress\/wp-content\/uploads\/2023\/03\/IMG_20220825_090908-scaled.jpg?w=1153&amp;ssl=1 1153w, https:\/\/i0.wp.com\/gerry001.myds.me\/wordpress\/wp-content\/uploads\/2023\/03\/IMG_20220825_090908-scaled.jpg?resize=135%2C300&amp;ssl=1 135w, https:\/\/i0.wp.com\/gerry001.myds.me\/wordpress\/wp-content\/uploads\/2023\/03\/IMG_20220825_090908-scaled.jpg?resize=461%2C1024&amp;ssl=1 461w, https:\/\/i0.wp.com\/gerry001.myds.me\/wordpress\/wp-content\/uploads\/2023\/03\/IMG_20220825_090908-scaled.jpg?resize=768%2C1706&amp;ssl=1 768w, https:\/\/i0.wp.com\/gerry001.myds.me\/wordpress\/wp-content\/uploads\/2023\/03\/IMG_20220825_090908-scaled.jpg?resize=692%2C1536&amp;ssl=1 692w, https:\/\/i0.wp.com\/gerry001.myds.me\/wordpress\/wp-content\/uploads\/2023\/03\/IMG_20220825_090908-scaled.jpg?resize=922%2C2048&amp;ssl=1 922w, https:\/\/i0.wp.com\/gerry001.myds.me\/wordpress\/wp-content\/uploads\/2023\/03\/IMG_20220825_090908-scaled.jpg?resize=27%2C60&amp;ssl=1 27w, https:\/\/i0.wp.com\/gerry001.myds.me\/wordpress\/wp-content\/uploads\/2023\/03\/IMG_20220825_090908-scaled.jpg?resize=270%2C600&amp;ssl=1 270w\" sizes=\"auto, (max-width: 1153px) 100vw, 1153px\" \/><figcaption class=\"wp-element-caption\">Monti auf dem Highway<\/figcaption><\/figure>\n<\/figure>\n\n\n\n<p>Das Dorf Sulzberg ist auch bekannt f\u00fcr seine traditionelle Architektur und sein kulturelles Erbe. Es gibt viele historische Geb\u00e4ude und Kirchen in der Umgebung, sowie lokale Handwerksbetriebe und Hofl\u00e4den, wo man handgemachte Produkte kaufen kann.<\/p>\n\n\n\n<p>Insgesamt ist Sulzberg ein wundersch\u00f6nes Reiseziel f\u00fcr alle, die die Ruhe und Sch\u00f6nheit der Natur genie\u00dfen m\u00f6chten, sowie f\u00fcr Kulturinteressierte und Feinschmecker, die die lokale Tradition und K\u00fcche erleben m\u00f6chten.<\/p>\n<\/div>\n","protected":false},"excerpt":{"rendered":"<p>Sulzberg ist ein kleines Dorf im Bregenzer Wald, gelegen in der N\u00e4he der Stadt Dornbirn in Vorarlberg, \u00d6sterreich. Es ist ein beliebtes Reiseziel f\u00fcr Naturliebhaber, die die ruhige Landschaft und die malerische Aussicht genie\u00dfen m\u00f6chten. Im Sommer bietet Sulzberg zahlreiche Wanderwege und Mountainbike-Strecken, die durch die sanften H\u00fcgel und gr\u00fcnen W\u00e4lder f\u00fchren. Es gibt auch&hellip;&nbsp;<a href=\"https:\/\/gerry001.myds.me\/wordpress\/monti-on-tour\/bregenzer-wald\/\" rel=\"bookmark\">Weiterlesen &raquo;<span class=\"screen-reader-text\">Bregenzer Wald<\/span><\/a><\/p>\n","protected":false},"author":1,"featured_media":0,"parent":107,"menu_order":10,"comment_status":"closed","ping_status":"closed","template":"","meta":{"neve_meta_sidebar":"","neve_meta_container":"","neve_meta_enable_content_width":"","neve_meta_content_width":0,"neve_meta_title_alignment":"","neve_meta_author_avatar":"","neve_post_elements_order":"","neve_meta_disable_header":"","neve_meta_disable_footer":"","neve_meta_disable_title":"","footnotes":""},"class_list":["post-215","page","type-page","status-publish","hentry"],"jetpack_sharing_enabled":true,"_links":{"self":[{"href":"https:\/\/gerry001.myds.me\/wordpress\/wp-json\/wp\/v2\/pages\/215","targetHints":{"allow":["GET"]}}],"collection":[{"href":"https:\/\/gerry001.myds.me\/wordpress\/wp-json\/wp\/v2\/pages"}],"about":[{"href":"https:\/\/gerry001.myds.me\/wordpress\/wp-json\/wp\/v2\/types\/page"}],"author":[{"embeddable":true,"href":"https:\/\/gerry001.myds.me\/wordpress\/wp-json\/wp\/v2\/users\/1"}],"replies":[{"embeddable":true,"href":"https:\/\/gerry001.myds.me\/wordpress\/wp-json\/wp\/v2\/comments?post=215"}],"version-history":[{"count":0,"href":"https:\/\/gerry001.myds.me\/wordpress\/wp-json\/wp\/v2\/pages\/215\/revisions"}],"up":[{"embeddable":true,"href":"https:\/\/gerry001.myds.me\/wordpress\/wp-json\/wp\/v2\/pages\/107"}],"wp:attachment":[{"href":"https:\/\/gerry001.myds.me\/wordpress\/wp-json\/wp\/v2\/media?parent=215"}],"curies":[{"name":"wp","href":"https:\/\/api.w.org\/{rel}","templated":true}]}}