{"id":2587,"date":"2023-05-03T12:55:08","date_gmt":"2023-05-03T10:55:08","guid":{"rendered":"https:\/\/gerry001.myds.me\/wordpress\/?page_id=2587"},"modified":"2023-08-16T06:49:47","modified_gmt":"2023-08-16T04:49:47","slug":"moeggers","status":"publish","type":"page","link":"https:\/\/gerry001.myds.me\/wordpress\/monti-on-tour\/moeggers\/","title":{"rendered":"M\u00f6ggers"},"content":{"rendered":"\n<figure class=\"wp-block-image alignfull size-large is-style-default\"><img data-recalc-dims=\"1\" loading=\"lazy\" decoding=\"async\" width=\"1024\" height=\"484\" src=\"https:\/\/i0.wp.com\/gerry001.myds.me\/wordpress\/wp-content\/uploads\/2023\/05\/monti_walderlebnispfad_moeggers3.jpg?resize=1024%2C484&#038;ssl=1\" alt=\"Walderlebnispfad M\u00f6ggers\" class=\"wp-image-2599\" srcset=\"https:\/\/i0.wp.com\/gerry001.myds.me\/wordpress\/wp-content\/uploads\/2023\/05\/monti_walderlebnispfad_moeggers3.jpg?resize=1024%2C484&amp;ssl=1 1024w, https:\/\/i0.wp.com\/gerry001.myds.me\/wordpress\/wp-content\/uploads\/2023\/05\/monti_walderlebnispfad_moeggers3.jpg?resize=300%2C142&amp;ssl=1 300w, https:\/\/i0.wp.com\/gerry001.myds.me\/wordpress\/wp-content\/uploads\/2023\/05\/monti_walderlebnispfad_moeggers3.jpg?resize=768%2C363&amp;ssl=1 768w, https:\/\/i0.wp.com\/gerry001.myds.me\/wordpress\/wp-content\/uploads\/2023\/05\/monti_walderlebnispfad_moeggers3.jpg?resize=1536%2C725&amp;ssl=1 1536w, https:\/\/i0.wp.com\/gerry001.myds.me\/wordpress\/wp-content\/uploads\/2023\/05\/monti_walderlebnispfad_moeggers3.jpg?w=2016&amp;ssl=1 2016w\" sizes=\"auto, (max-width: 1024px) 100vw, 1024px\" \/><\/figure>\n\n\n\n<p><br>Der Walderlebnispfad M\u00f6ggers ist ein Naturlehrpfad, der sich im Bregenzer Wald in Vorarlberg, \u00d6sterreich, befindet. Der Pfad f\u00fchrt durch einen malerischen Wald und bietet zahlreiche M\u00f6glichkeiten, um die Natur und die Tierwelt der Region zu erkunden.<\/p>\n\n\n\n<p>Auf dem Pfad gibt es verschiedene Stationen, die alle mit einem bestimmten Thema oder Aspekt der Natur verbunden sind. Zum Beispiel gibt es eine Station, die sich auf die Bedeutung des Waldes f\u00fcr die Umwelt und das \u00d6kosystem konzentriert, eine Station, die verschiedene Baumarten vorstellt, sowie eine Station, die die Tierwelt der Region vorstellt.<\/p>\n\n\n\n<p class=\"has-medium-font-size\"><strong>Monti besucht den Walderlebnispfad in M\u00f6ggers<\/strong><\/p>\n\n\n\n<div class=\"wp-block-columns alignwide are-vertically-aligned-top is-layout-flex wp-container-core-columns-is-layout-bd0aba32 wp-block-columns-is-layout-flex\">\n<div class=\"wp-block-column is-vertically-aligned-top is-layout-flow wp-block-column-is-layout-flow\">\n<div class=\"wp-block-group wp-container-content-231d8afb is-vertical is-content-justification-left is-nowrap is-layout-flex wp-container-core-group-is-layout-ee1c9ac2 wp-block-group-is-layout-flex\" style=\"margin-top:0;margin-bottom:0\">\n<figure class=\"wp-block-image size-large wp-container-content-0733e5d0\"><img data-recalc-dims=\"1\" loading=\"lazy\" decoding=\"async\" width=\"683\" height=\"1024\" src=\"https:\/\/i0.wp.com\/gerry001.myds.me\/wordpress\/wp-content\/uploads\/2023\/05\/monti_walderlebnispfad_moeggers.jpg?resize=683%2C1024&#038;ssl=1\" alt=\"Rundweg Walderlebnispfad \" class=\"wp-image-2596\" srcset=\"https:\/\/i0.wp.com\/gerry001.myds.me\/wordpress\/wp-content\/uploads\/2023\/05\/monti_walderlebnispfad_moeggers.jpg?resize=683%2C1024&amp;ssl=1 683w, https:\/\/i0.wp.com\/gerry001.myds.me\/wordpress\/wp-content\/uploads\/2023\/05\/monti_walderlebnispfad_moeggers.jpg?resize=200%2C300&amp;ssl=1 200w, https:\/\/i0.wp.com\/gerry001.myds.me\/wordpress\/wp-content\/uploads\/2023\/05\/monti_walderlebnispfad_moeggers.jpg?resize=768%2C1152&amp;ssl=1 768w, https:\/\/i0.wp.com\/gerry001.myds.me\/wordpress\/wp-content\/uploads\/2023\/05\/monti_walderlebnispfad_moeggers.jpg?w=1008&amp;ssl=1 1008w\" sizes=\"auto, (max-width: 683px) 100vw, 683px\" \/><\/figure>\n\n\n\n<p>In den W\u00e4ldern sind Dinge, \u00fcber die nachzudenken, man jahrelang im Moos liegen k\u00f6nnte. (Franz Kafka)<\/p>\n<\/div>\n<\/div>\n\n\n\n<div class=\"wp-block-column is-vertically-aligned-top is-layout-flow wp-block-column-is-layout-flow\">\n<div class=\"wp-block-group wp-container-content-231d8afb is-vertical is-layout-flex wp-container-core-group-is-layout-692d0fb7 wp-block-group-is-layout-flex\" style=\"margin-top:0;margin-bottom:0\">\n<div class=\"wp-block-group is-vertical is-nowrap is-layout-flex wp-container-core-group-is-layout-ebc71d8e wp-block-group-is-layout-flex\">\n<div style=\"height:0px\" aria-hidden=\"true\" class=\"wp-block-spacer wp-container-content-9760934e\"><\/div>\n\n\n\n<p style=\"font-size:16px\">Entlang des Pfades gibt es auch mehrere interaktive Elemente, die den Besuchern helfen sollen, die Natur auf spielerische und interaktive Weise zu erleben. Zum Beispiel gibt es einen Kletterpark, eine H\u00e4ngebr\u00fccke und einen F\u00fchlparcours, wo man verschiedene Materialien und Texturen mit den H\u00e4nden und F\u00fc\u00dfen erkunden kann.<\/p>\n<\/div>\n\n\n\n<figure class=\"wp-block-image size-large\" style=\"font-size:14px\"><img data-recalc-dims=\"1\" loading=\"lazy\" decoding=\"async\" width=\"763\" height=\"1024\" src=\"https:\/\/i0.wp.com\/gerry001.myds.me\/wordpress\/wp-content\/uploads\/2023\/05\/monti_walderlebnispfad_moeggers1.jpg?resize=763%2C1024&#038;ssl=1\" alt=\"\" class=\"wp-image-2597\" srcset=\"https:\/\/i0.wp.com\/gerry001.myds.me\/wordpress\/wp-content\/uploads\/2023\/05\/monti_walderlebnispfad_moeggers1.jpg?resize=763%2C1024&amp;ssl=1 763w, https:\/\/i0.wp.com\/gerry001.myds.me\/wordpress\/wp-content\/uploads\/2023\/05\/monti_walderlebnispfad_moeggers1.jpg?resize=224%2C300&amp;ssl=1 224w, https:\/\/i0.wp.com\/gerry001.myds.me\/wordpress\/wp-content\/uploads\/2023\/05\/monti_walderlebnispfad_moeggers1.jpg?resize=768%2C1031&amp;ssl=1 768w, https:\/\/i0.wp.com\/gerry001.myds.me\/wordpress\/wp-content\/uploads\/2023\/05\/monti_walderlebnispfad_moeggers1.jpg?w=1008&amp;ssl=1 1008w\" sizes=\"auto, (max-width: 763px) 100vw, 763px\" \/><\/figure>\n<\/div>\n<\/div>\n<\/div>\n\n\n\n<p class=\"has-text-align-left has-medium-font-size\"><strong>Ein Wald voller Geheimnisse<\/strong><\/p>\n\n\n\n<p style=\"margin-top:0;margin-right:0;margin-bottom:0;margin-left:0;padding-top:0px;padding-right:0px;padding-bottom:0px;padding-left:0px;font-size:16px\">Der Walderlebnispfad M\u00f6ggers ist f\u00fcr alle Altersgruppen geeignet und bietet eine gro\u00dfartige M\u00f6glichkeit, die Natur zu erkunden und mehr \u00fcber die Umwelt zu lernen. Es ist auch ein beliebtes Ausflugsziel f\u00fcr Familien, Schulklassen und Naturinteressierte.<\/p>\n\n\n\n<div class=\"wp-block-columns alignwide are-vertically-aligned-top is-layout-flex wp-container-core-columns-is-layout-bd0aba32 wp-block-columns-is-layout-flex\">\n<div class=\"wp-block-column is-vertically-aligned-top is-layout-flow wp-block-column-is-layout-flow\">\n<div class=\"wp-block-group wp-container-content-231d8afb is-vertical is-content-justification-left is-nowrap is-layout-flex wp-container-core-group-is-layout-ee1c9ac2 wp-block-group-is-layout-flex\" style=\"margin-top:0;margin-bottom:0\">\n<figure class=\"wp-block-image size-large wp-container-content-0733e5d0\"><img data-recalc-dims=\"1\" loading=\"lazy\" decoding=\"async\" width=\"699\" height=\"1024\" src=\"https:\/\/i0.wp.com\/gerry001.myds.me\/wordpress\/wp-content\/uploads\/2023\/05\/monti_walderlebnispfad_moeggers5.jpg?resize=699%2C1024&#038;ssl=1\" alt=\"H\u00e4ngebr\u00fccke\" class=\"wp-image-2601\" srcset=\"https:\/\/i0.wp.com\/gerry001.myds.me\/wordpress\/wp-content\/uploads\/2023\/05\/monti_walderlebnispfad_moeggers5.jpg?resize=699%2C1024&amp;ssl=1 699w, https:\/\/i0.wp.com\/gerry001.myds.me\/wordpress\/wp-content\/uploads\/2023\/05\/monti_walderlebnispfad_moeggers5.jpg?resize=205%2C300&amp;ssl=1 205w, https:\/\/i0.wp.com\/gerry001.myds.me\/wordpress\/wp-content\/uploads\/2023\/05\/monti_walderlebnispfad_moeggers5.jpg?resize=768%2C1125&amp;ssl=1 768w, https:\/\/i0.wp.com\/gerry001.myds.me\/wordpress\/wp-content\/uploads\/2023\/05\/monti_walderlebnispfad_moeggers5.jpg?w=1008&amp;ssl=1 1008w\" sizes=\"auto, (max-width: 699px) 100vw, 699px\" \/><\/figure>\n<\/div>\n<\/div>\n\n\n\n<div class=\"wp-block-column is-vertically-aligned-top is-layout-flow wp-block-column-is-layout-flow\">\n<div class=\"wp-block-group wp-container-content-231d8afb is-vertical is-layout-flex wp-container-core-group-is-layout-692d0fb7 wp-block-group-is-layout-flex\" style=\"margin-top:0;margin-bottom:0\">\n<figure class=\"wp-block-image size-large\" style=\"font-size:14px\"><img data-recalc-dims=\"1\" loading=\"lazy\" decoding=\"async\" width=\"763\" height=\"1024\" src=\"https:\/\/i0.wp.com\/gerry001.myds.me\/wordpress\/wp-content\/uploads\/2023\/05\/monti_walderlebnispfad_moeggers4.jpg?resize=763%2C1024&#038;ssl=1\" alt=\"B\u00e4ume\" class=\"wp-image-2600\" srcset=\"https:\/\/i0.wp.com\/gerry001.myds.me\/wordpress\/wp-content\/uploads\/2023\/05\/monti_walderlebnispfad_moeggers4.jpg?resize=763%2C1024&amp;ssl=1 763w, https:\/\/i0.wp.com\/gerry001.myds.me\/wordpress\/wp-content\/uploads\/2023\/05\/monti_walderlebnispfad_moeggers4.jpg?resize=224%2C300&amp;ssl=1 224w, https:\/\/i0.wp.com\/gerry001.myds.me\/wordpress\/wp-content\/uploads\/2023\/05\/monti_walderlebnispfad_moeggers4.jpg?resize=768%2C1031&amp;ssl=1 768w, https:\/\/i0.wp.com\/gerry001.myds.me\/wordpress\/wp-content\/uploads\/2023\/05\/monti_walderlebnispfad_moeggers4.jpg?w=1008&amp;ssl=1 1008w\" sizes=\"auto, (max-width: 763px) 100vw, 763px\" \/><\/figure>\n\n\n\n<p style=\"font-size:16px\">B\u00c4UME sind Heiligt\u00fcmer. Wer mit ihnen zu sprechen, wer ihnen zuzuh\u00f6ren wei\u00df, der erf\u00e4hrt die Wahrheit. Sie predigen nicht Lehren und Rezepte, sie predigen um das Einzelne unbek\u00fcmmert, das Urgesetz des Lebens.<\/p>\n<\/div>\n<\/div>\n<\/div>\n\n\n\n<figure class=\"wp-block-gallery has-nested-images columns-1 is-cropped wp-block-gallery-1 is-layout-flex wp-block-gallery-is-layout-flex\">\n<figure class=\"wp-block-image size-large is-style-default\"><img data-recalc-dims=\"1\" loading=\"lazy\" decoding=\"async\" width=\"1024\" height=\"372\" data-id=\"2595\" src=\"https:\/\/i0.wp.com\/gerry001.myds.me\/wordpress\/wp-content\/uploads\/2023\/05\/monti_in_moeggers4.jpg?resize=1024%2C372&#038;ssl=1\" alt=\"\" class=\"wp-image-2595\" srcset=\"https:\/\/i0.wp.com\/gerry001.myds.me\/wordpress\/wp-content\/uploads\/2023\/05\/monti_in_moeggers4.jpg?resize=1024%2C372&amp;ssl=1 1024w, https:\/\/i0.wp.com\/gerry001.myds.me\/wordpress\/wp-content\/uploads\/2023\/05\/monti_in_moeggers4.jpg?resize=300%2C109&amp;ssl=1 300w, https:\/\/i0.wp.com\/gerry001.myds.me\/wordpress\/wp-content\/uploads\/2023\/05\/monti_in_moeggers4.jpg?resize=768%2C279&amp;ssl=1 768w, https:\/\/i0.wp.com\/gerry001.myds.me\/wordpress\/wp-content\/uploads\/2023\/05\/monti_in_moeggers4.jpg?resize=1536%2C558&amp;ssl=1 1536w, https:\/\/i0.wp.com\/gerry001.myds.me\/wordpress\/wp-content\/uploads\/2023\/05\/monti_in_moeggers4.jpg?w=2016&amp;ssl=1 2016w\" sizes=\"auto, (max-width: 1024px) 100vw, 1024px\" \/><\/figure>\n\n\n<div class=\"wp-block-image is-style-default\">\n<figure class=\"aligncenter size-large\"><img data-recalc-dims=\"1\" loading=\"lazy\" decoding=\"async\" width=\"1024\" height=\"512\" data-id=\"2598\" src=\"https:\/\/i0.wp.com\/gerry001.myds.me\/wordpress\/wp-content\/uploads\/2023\/05\/monti_walderlebnispfad_moeggers2.jpg?resize=1024%2C512&#038;ssl=1\" alt=\"Walderlebnispfad\" class=\"wp-image-2598\" srcset=\"https:\/\/i0.wp.com\/gerry001.myds.me\/wordpress\/wp-content\/uploads\/2023\/05\/monti_walderlebnispfad_moeggers2.jpg?resize=1024%2C512&amp;ssl=1 1024w, https:\/\/i0.wp.com\/gerry001.myds.me\/wordpress\/wp-content\/uploads\/2023\/05\/monti_walderlebnispfad_moeggers2.jpg?resize=300%2C150&amp;ssl=1 300w, https:\/\/i0.wp.com\/gerry001.myds.me\/wordpress\/wp-content\/uploads\/2023\/05\/monti_walderlebnispfad_moeggers2.jpg?resize=768%2C384&amp;ssl=1 768w, https:\/\/i0.wp.com\/gerry001.myds.me\/wordpress\/wp-content\/uploads\/2023\/05\/monti_walderlebnispfad_moeggers2.jpg?resize=1536%2C768&amp;ssl=1 1536w, https:\/\/i0.wp.com\/gerry001.myds.me\/wordpress\/wp-content\/uploads\/2023\/05\/monti_walderlebnispfad_moeggers2.jpg?w=2016&amp;ssl=1 2016w\" sizes=\"auto, (max-width: 1024px) 100vw, 1024px\" \/><\/figure><\/div>\n\n\n<figure class=\"wp-block-image size-large is-style-default\"><img data-recalc-dims=\"1\" loading=\"lazy\" decoding=\"async\" width=\"1024\" height=\"409\" data-id=\"2602\" src=\"https:\/\/i0.wp.com\/gerry001.myds.me\/wordpress\/wp-content\/uploads\/2023\/05\/monti_walderlebnispfad_moeggers6.jpg?resize=1024%2C409&#038;ssl=1\" alt=\"Knutschbank\" class=\"wp-image-2602\" title=\"Knutschbank\" srcset=\"https:\/\/i0.wp.com\/gerry001.myds.me\/wordpress\/wp-content\/uploads\/2023\/05\/monti_walderlebnispfad_moeggers6.jpg?resize=1024%2C409&amp;ssl=1 1024w, https:\/\/i0.wp.com\/gerry001.myds.me\/wordpress\/wp-content\/uploads\/2023\/05\/monti_walderlebnispfad_moeggers6.jpg?resize=300%2C120&amp;ssl=1 300w, https:\/\/i0.wp.com\/gerry001.myds.me\/wordpress\/wp-content\/uploads\/2023\/05\/monti_walderlebnispfad_moeggers6.jpg?resize=768%2C307&amp;ssl=1 768w, https:\/\/i0.wp.com\/gerry001.myds.me\/wordpress\/wp-content\/uploads\/2023\/05\/monti_walderlebnispfad_moeggers6.jpg?resize=1536%2C614&amp;ssl=1 1536w, https:\/\/i0.wp.com\/gerry001.myds.me\/wordpress\/wp-content\/uploads\/2023\/05\/monti_walderlebnispfad_moeggers6.jpg?w=2016&amp;ssl=1 2016w\" sizes=\"auto, (max-width: 1024px) 100vw, 1024px\" \/><\/figure>\n<\/figure>\n\n\n\n<p class=\"has-text-align-left\"><br>Insgesamt bietet der Walderlebnispfad M\u00f6ggers eine einzigartige M\u00f6glichkeit, die Sch\u00f6nheit und Bedeutung der Natur zu erleben und zu sch\u00e4tzen.<\/p>\n\n\n\n<figure class=\"wp-block-image alignfull size-large is-style-default\"><img data-recalc-dims=\"1\" loading=\"lazy\" decoding=\"async\" width=\"1024\" height=\"435\" src=\"https:\/\/i0.wp.com\/gerry001.myds.me\/wordpress\/wp-content\/uploads\/2023\/05\/monti_walderlebnispfad_moeggers7.jpg?resize=1024%2C435&#038;ssl=1\" alt=\"as ischt numa so wiet\" class=\"wp-image-2603\" srcset=\"https:\/\/i0.wp.com\/gerry001.myds.me\/wordpress\/wp-content\/uploads\/2023\/05\/monti_walderlebnispfad_moeggers7.jpg?resize=1024%2C435&amp;ssl=1 1024w, https:\/\/i0.wp.com\/gerry001.myds.me\/wordpress\/wp-content\/uploads\/2023\/05\/monti_walderlebnispfad_moeggers7.jpg?resize=300%2C127&amp;ssl=1 300w, https:\/\/i0.wp.com\/gerry001.myds.me\/wordpress\/wp-content\/uploads\/2023\/05\/monti_walderlebnispfad_moeggers7.jpg?resize=768%2C326&amp;ssl=1 768w, https:\/\/i0.wp.com\/gerry001.myds.me\/wordpress\/wp-content\/uploads\/2023\/05\/monti_walderlebnispfad_moeggers7.jpg?resize=1536%2C652&amp;ssl=1 1536w, https:\/\/i0.wp.com\/gerry001.myds.me\/wordpress\/wp-content\/uploads\/2023\/05\/monti_walderlebnispfad_moeggers7.jpg?w=2016&amp;ssl=1 2016w\" sizes=\"auto, (max-width: 1024px) 100vw, 1024px\" \/><\/figure>\n\n\n\n<p class=\"has-text-align-center\"><br>as ischt numma so wiet (= es ist nicht mehr so weit)<br>Monti kommt wieder<\/p>\n","protected":false},"excerpt":{"rendered":"<p>Der Walderlebnispfad M\u00f6ggers ist ein Naturlehrpfad, der sich im Bregenzer Wald in Vorarlberg, \u00d6sterreich, befindet. Der Pfad f\u00fchrt durch einen malerischen Wald und bietet zahlreiche M\u00f6glichkeiten, um die Natur und die Tierwelt der Region zu erkunden. Auf dem Pfad gibt es verschiedene Stationen, die alle mit einem bestimmten Thema oder Aspekt der Natur verbunden sind.&hellip;&nbsp;<a href=\"https:\/\/gerry001.myds.me\/wordpress\/monti-on-tour\/moeggers\/\" rel=\"bookmark\">Weiterlesen &raquo;<span class=\"screen-reader-text\">M\u00f6ggers<\/span><\/a><\/p>\n","protected":false},"author":1,"featured_media":0,"parent":107,"menu_order":11,"comment_status":"closed","ping_status":"closed","template":"","meta":{"neve_meta_sidebar":"","neve_meta_container":"","neve_meta_enable_content_width":"","neve_meta_content_width":0,"neve_meta_title_alignment":"","neve_meta_author_avatar":"","neve_post_elements_order":"","neve_meta_disable_header":"","neve_meta_disable_footer":"","neve_meta_disable_title":"","footnotes":""},"class_list":["post-2587","page","type-page","status-publish","hentry"],"jetpack_sharing_enabled":true,"_links":{"self":[{"href":"https:\/\/gerry001.myds.me\/wordpress\/wp-json\/wp\/v2\/pages\/2587","targetHints":{"allow":["GET"]}}],"collection":[{"href":"https:\/\/gerry001.myds.me\/wordpress\/wp-json\/wp\/v2\/pages"}],"about":[{"href":"https:\/\/gerry001.myds.me\/wordpress\/wp-json\/wp\/v2\/types\/page"}],"author":[{"embeddable":true,"href":"https:\/\/gerry001.myds.me\/wordpress\/wp-json\/wp\/v2\/users\/1"}],"replies":[{"embeddable":true,"href":"https:\/\/gerry001.myds.me\/wordpress\/wp-json\/wp\/v2\/comments?post=2587"}],"version-history":[{"count":0,"href":"https:\/\/gerry001.myds.me\/wordpress\/wp-json\/wp\/v2\/pages\/2587\/revisions"}],"up":[{"embeddable":true,"href":"https:\/\/gerry001.myds.me\/wordpress\/wp-json\/wp\/v2\/pages\/107"}],"wp:attachment":[{"href":"https:\/\/gerry001.myds.me\/wordpress\/wp-json\/wp\/v2\/media?parent=2587"}],"curies":[{"name":"wp","href":"https:\/\/api.w.org\/{rel}","templated":true}]}}