{"id":289,"date":"2023-03-04T18:42:17","date_gmt":"2023-03-04T16:42:17","guid":{"rendered":"https:\/\/gerry001.myds.me\/wordpress\/?page_id=289"},"modified":"2026-02-19T11:48:43","modified_gmt":"2026-02-19T10:48:43","slug":"rheinmuendung","status":"publish","type":"page","link":"https:\/\/gerry001.myds.me\/wordpress\/monti-on-tour\/rheinmuendung\/","title":{"rendered":"Rheinm\u00fcndung"},"content":{"rendered":"\n<figure class=\"wp-block-image alignfull size-large is-style-default\"><img data-recalc-dims=\"1\" loading=\"lazy\" decoding=\"async\" width=\"1024\" height=\"461\" src=\"https:\/\/i0.wp.com\/gerry001.myds.me\/wordpress\/wp-content\/uploads\/2023\/03\/IMG_20230303_140825.jpg?resize=1024%2C461&#038;ssl=1\" alt=\"Monti am Rheindamm\" class=\"wp-image-286\"\/><\/figure>\n\n\n\n<p><br>Die Rheinm\u00fcndung ist der Punkt, an dem der Fluss Rhein in den Bodensee flie\u00dft. Die M\u00fcndung befindet sich in Vorarlberg, \u00d6sterreich und ist ein wichtiger Teil des \u00f6kologischen Systems des Bodensees. Die Rheinm\u00fcndung ist ein Feuchtgebiet mit einer gro\u00dfen Vielfalt an Tier- und Pflanzenarten.<\/p>\n\n\n\n<p>Hier ist ein wichtiger Brut- und Nistplatz f\u00fcr viele Wasserv\u00f6gel, darunter Enten, G\u00e4nse und Reiher. In der Region leben auch viele Fischarten, darunter der Europ\u00e4ische Aal, die Flussforelle und der Hecht. Das Feuchtgebiet bietet auch vielen Zugv\u00f6geln auf ihrem Weg in den S\u00fcden ein wichtiges Rast- und \u00dcberwinterungsgebiet.<\/p>\n\n\n\n<p>Die Rheinm\u00fcndung ist auch ein beliebter Ort f\u00fcr Freizeitaktivit\u00e4ten wie Angeln, Bootfahren und Vogelbeobachtung. Es gibt einen Wanderweg, der entlang der Rheinm\u00fcndung f\u00fchrt und den Besuchern einen herrlichen Blick auf die Umgebung bietet.<\/p>\n\n\n\n<p class=\"has-text-align-left has-medium-font-size\"><strong>Monti am Rheindamm<\/strong><\/p>\n\n\n<figure>\n<figure><img data-recalc-dims=\"1\" decoding=\"async\" class=\"aligncenter found-media\" src=\"https:\/\/i0.wp.com\/gerry001.myds.me\/wordpress\/wp-content\/uploads\/2023\/03\/IMG_20220816_173412-scaled.jpg?w=1200&#038;ssl=1\" alt=\"\" data-id=\"1302\" data-full-url=\"https:\/\/gerry001.myds.me\/wordpress\/wp-content\/uploads\/2023\/03\/IMG_20220816_173412-scaled.jpg\" data-link=\"https:\/\/gerry001.myds.me\/wordpress\/img_20220816_173412\/\" \/><\/figure>\n<figure><img data-recalc-dims=\"1\" decoding=\"async\" class=\"aligncenter found-media\" src=\"https:\/\/i0.wp.com\/gerry001.myds.me\/wordpress\/wp-content\/uploads\/2023\/03\/MVIMG_20220406_154434_1-scaled.jpg?w=1200&#038;ssl=1\" alt=\"\" data-id=\"1345\" data-full-url=\"https:\/\/gerry001.myds.me\/wordpress\/wp-content\/uploads\/2023\/03\/MVIMG_20220406_154434_1-scaled.jpg\" data-link=\"https:\/\/gerry001.myds.me\/wordpress\/mvimg_20220406_154434_1\/\" \/><\/figure>\n<figure><img data-recalc-dims=\"1\" decoding=\"async\" class=\"aligncenter found-media\" src=\"https:\/\/i0.wp.com\/gerry001.myds.me\/wordpress\/wp-content\/uploads\/2023\/03\/IMG_20220816_174331-scaled.jpg?w=1200&#038;ssl=1\" alt=\"\" data-id=\"1022\" data-full-url=\"https:\/\/gerry001.myds.me\/wordpress\/wp-content\/uploads\/2023\/03\/IMG_20220816_174331-scaled.jpg\" data-link=\"https:\/\/gerry001.myds.me\/wordpress\/img_20220816_174331\/\" \/><\/figure>\n<figure><img data-recalc-dims=\"1\" decoding=\"async\" class=\"found-media\" src=\"https:\/\/i0.wp.com\/gerry001.myds.me\/wordpress\/wp-content\/uploads\/2023\/03\/IMG_20220805_085546-scaled.jpg?w=1200&#038;ssl=1\" alt=\"\" data-id=\"1020\" data-full-url=\"https:\/\/gerry001.myds.me\/wordpress\/wp-content\/uploads\/2023\/03\/IMG_20220805_085546-scaled.jpg\" data-link=\"https:\/\/gerry001.myds.me\/wordpress\/img_20220805_085546\/\" \/><\/figure>\n<figure><img data-recalc-dims=\"1\" decoding=\"async\" class=\"found-media\" src=\"https:\/\/i0.wp.com\/gerry001.myds.me\/wordpress\/wp-content\/uploads\/2023\/03\/IMG_20220727_200616-scaled.jpg?w=1200&#038;ssl=1\" alt=\"\" data-id=\"1305\" data-full-url=\"https:\/\/gerry001.myds.me\/wordpress\/wp-content\/uploads\/2023\/03\/IMG_20220727_200616-scaled.jpg\" data-link=\"https:\/\/gerry001.myds.me\/wordpress\/img_20220727_200616\/\" \/><\/figure>\n<figure><img data-recalc-dims=\"1\" decoding=\"async\" class=\"found-media\" src=\"https:\/\/i0.wp.com\/gerry001.myds.me\/wordpress\/wp-content\/uploads\/2023\/03\/IMG_20220727_201902-scaled.jpg?w=1200&#038;ssl=1\" alt=\"\" data-id=\"1306\" data-full-url=\"https:\/\/gerry001.myds.me\/wordpress\/wp-content\/uploads\/2023\/03\/IMG_20220727_201902-scaled.jpg\" data-link=\"https:\/\/gerry001.myds.me\/wordpress\/img_20220727_201902\/\" \/><\/figure>\n<\/figure>\n\n\n<p><br>Aufgrund ihrer Bedeutung f\u00fcr die Umwelt und den Naturschutz ist die Rheinm\u00fcndung in Fussach ein gesch\u00fctztes Gebiet. Es gibt verschiedene Initiativen zur Erhaltung und zum Schutz des Feuchtgebietes und seiner Tier- und Pflanzenarten.<\/p>\n\n\n\n<figure class=\"wp-block-image alignfull size-large is-style-default\"><img data-recalc-dims=\"1\" loading=\"lazy\" decoding=\"async\" width=\"1024\" height=\"512\" src=\"https:\/\/i0.wp.com\/gerry001.myds.me\/wordpress\/wp-content\/uploads\/2023\/03\/MVIMG_20210925_161445_1.jpg?resize=1024%2C512&#038;ssl=1\" alt=\"Monti am Rheindamm\" class=\"wp-image-680\" srcset=\"https:\/\/i0.wp.com\/gerry001.myds.me\/wordpress\/wp-content\/uploads\/2023\/03\/MVIMG_20210925_161445_1-scaled.jpg?resize=1024%2C512&amp;ssl=1 1024w, https:\/\/i0.wp.com\/gerry001.myds.me\/wordpress\/wp-content\/uploads\/2023\/03\/MVIMG_20210925_161445_1-scaled.jpg?resize=300%2C150&amp;ssl=1 300w, https:\/\/i0.wp.com\/gerry001.myds.me\/wordpress\/wp-content\/uploads\/2023\/03\/MVIMG_20210925_161445_1-scaled.jpg?resize=768%2C384&amp;ssl=1 768w, https:\/\/i0.wp.com\/gerry001.myds.me\/wordpress\/wp-content\/uploads\/2023\/03\/MVIMG_20210925_161445_1-scaled.jpg?resize=1536%2C768&amp;ssl=1 1536w, https:\/\/i0.wp.com\/gerry001.myds.me\/wordpress\/wp-content\/uploads\/2023\/03\/MVIMG_20210925_161445_1-scaled.jpg?resize=2048%2C1024&amp;ssl=1 2048w, https:\/\/i0.wp.com\/gerry001.myds.me\/wordpress\/wp-content\/uploads\/2023\/03\/MVIMG_20210925_161445_1-scaled.jpg?resize=120%2C60&amp;ssl=1 120w, https:\/\/i0.wp.com\/gerry001.myds.me\/wordpress\/wp-content\/uploads\/2023\/03\/MVIMG_20210925_161445_1-scaled.jpg?w=2400&amp;ssl=1 2400w\" sizes=\"auto, (max-width: 1024px) 100vw, 1024px\" \/><\/figure>\n\n\n\n<p><br>Die Rheinm\u00fcndung ist ein wichtiger Teil des Bodenseesystems und ein Ort von gro\u00dfer \u00f6kologischer Bedeutung. Sie bietet Lebensraum f\u00fcr viele seltene und gesch\u00fctzte Tier- und Pflanzenarten und ist ein wichtiger Ort f\u00fcr den Naturschutz und die Erhaltung der nat\u00fcrlichen Umwelt.<\/p>\n","protected":false},"excerpt":{"rendered":"<p>Die Rheinm\u00fcndung ist der Punkt, an dem der Fluss Rhein in den Bodensee flie\u00dft. Die M\u00fcndung befindet sich in Vorarlberg, \u00d6sterreich und ist ein wichtiger Teil des \u00f6kologischen Systems des Bodensees. Die Rheinm\u00fcndung ist ein Feuchtgebiet mit einer gro\u00dfen Vielfalt an Tier- und Pflanzenarten. Hier ist ein wichtiger Brut- und Nistplatz f\u00fcr viele Wasserv\u00f6gel, darunter&hellip;&nbsp;<a href=\"https:\/\/gerry001.myds.me\/wordpress\/monti-on-tour\/rheinmuendung\/\" rel=\"bookmark\">Weiterlesen &raquo;<span class=\"screen-reader-text\">Rheinm\u00fcndung<\/span><\/a><\/p>\n","protected":false},"author":1,"featured_media":0,"parent":107,"menu_order":4,"comment_status":"closed","ping_status":"closed","template":"","meta":{"neve_meta_sidebar":"","neve_meta_container":"","neve_meta_enable_content_width":"","neve_meta_content_width":0,"neve_meta_title_alignment":"","neve_meta_author_avatar":"","neve_post_elements_order":"","neve_meta_disable_header":"","neve_meta_disable_footer":"","neve_meta_disable_title":"","footnotes":""},"class_list":["post-289","page","type-page","status-publish","hentry"],"jetpack_sharing_enabled":true,"_links":{"self":[{"href":"https:\/\/gerry001.myds.me\/wordpress\/wp-json\/wp\/v2\/pages\/289","targetHints":{"allow":["GET"]}}],"collection":[{"href":"https:\/\/gerry001.myds.me\/wordpress\/wp-json\/wp\/v2\/pages"}],"about":[{"href":"https:\/\/gerry001.myds.me\/wordpress\/wp-json\/wp\/v2\/types\/page"}],"author":[{"embeddable":true,"href":"https:\/\/gerry001.myds.me\/wordpress\/wp-json\/wp\/v2\/users\/1"}],"replies":[{"embeddable":true,"href":"https:\/\/gerry001.myds.me\/wordpress\/wp-json\/wp\/v2\/comments?post=289"}],"version-history":[{"count":1,"href":"https:\/\/gerry001.myds.me\/wordpress\/wp-json\/wp\/v2\/pages\/289\/revisions"}],"predecessor-version":[{"id":4668,"href":"https:\/\/gerry001.myds.me\/wordpress\/wp-json\/wp\/v2\/pages\/289\/revisions\/4668"}],"up":[{"embeddable":true,"href":"https:\/\/gerry001.myds.me\/wordpress\/wp-json\/wp\/v2\/pages\/107"}],"wp:attachment":[{"href":"https:\/\/gerry001.myds.me\/wordpress\/wp-json\/wp\/v2\/media?parent=289"}],"curies":[{"name":"wp","href":"https:\/\/api.w.org\/{rel}","templated":true}]}}