{"id":6,"date":"2023-03-01T13:17:43","date_gmt":"2023-03-01T12:17:43","guid":{"rendered":"https:\/\/192.168.178.23\/wordpress\/?page_id=6"},"modified":"2023-08-16T06:35:11","modified_gmt":"2023-08-16T04:35:11","slug":"ueber-monti","status":"publish","type":"page","link":"https:\/\/gerry001.myds.me\/wordpress\/ueber-monti\/","title":{"rendered":"\u00dcber Monti"},"content":{"rendered":"\n<figure class=\"wp-block-image alignfull size-full is-style-default\"><img data-recalc-dims=\"1\" loading=\"lazy\" decoding=\"async\" width=\"1200\" height=\"600\" src=\"https:\/\/i0.wp.com\/gerry001.myds.me\/wordpress\/wp-content\/uploads\/2023\/03\/MVIMG_20220112_132904-scaled.jpg?resize=1200%2C600&#038;ssl=1\" alt=\"\" class=\"wp-image-471\" srcset=\"https:\/\/i0.wp.com\/gerry001.myds.me\/wordpress\/wp-content\/uploads\/2023\/03\/MVIMG_20220112_132904-scaled.jpg?w=2560&amp;ssl=1 2560w, https:\/\/i0.wp.com\/gerry001.myds.me\/wordpress\/wp-content\/uploads\/2023\/03\/MVIMG_20220112_132904-scaled.jpg?resize=300%2C150&amp;ssl=1 300w, https:\/\/i0.wp.com\/gerry001.myds.me\/wordpress\/wp-content\/uploads\/2023\/03\/MVIMG_20220112_132904-scaled.jpg?resize=1024%2C512&amp;ssl=1 1024w, https:\/\/i0.wp.com\/gerry001.myds.me\/wordpress\/wp-content\/uploads\/2023\/03\/MVIMG_20220112_132904-scaled.jpg?resize=768%2C384&amp;ssl=1 768w, https:\/\/i0.wp.com\/gerry001.myds.me\/wordpress\/wp-content\/uploads\/2023\/03\/MVIMG_20220112_132904-scaled.jpg?resize=1536%2C768&amp;ssl=1 1536w, https:\/\/i0.wp.com\/gerry001.myds.me\/wordpress\/wp-content\/uploads\/2023\/03\/MVIMG_20220112_132904-scaled.jpg?resize=2048%2C1024&amp;ssl=1 2048w, https:\/\/i0.wp.com\/gerry001.myds.me\/wordpress\/wp-content\/uploads\/2023\/03\/MVIMG_20220112_132904-scaled.jpg?resize=120%2C60&amp;ssl=1 120w, https:\/\/i0.wp.com\/gerry001.myds.me\/wordpress\/wp-content\/uploads\/2023\/03\/MVIMG_20220112_132904-scaled.jpg?w=2400&amp;ssl=1 2400w\" sizes=\"auto, (max-width: 1200px) 100vw, 1200px\" \/><\/figure>\n\n\n\n<p class=\"has-text-align-center\"><br>Alter Rhein &#8211; Hohenems<\/p>\n\n\n\n<div class=\"wp-block-columns is-layout-flex wp-container-core-columns-is-layout-9d6595d7 wp-block-columns-is-layout-flex\">\n<div class=\"wp-block-column is-layout-flow wp-block-column-is-layout-flow\">\n<figure class=\"wp-block-image size-large is-style-default\"><img data-recalc-dims=\"1\" loading=\"lazy\" decoding=\"async\" width=\"800\" height=\"1024\" src=\"https:\/\/i0.wp.com\/gerry001.myds.me\/wordpress\/wp-content\/uploads\/2023\/03\/MVIMG_20200828_135115-scaled-e1677929910727-800x1024.jpg?resize=800%2C1024&#038;ssl=1\" alt=\"Monti - Prager Rattler\" class=\"wp-image-97\" srcset=\"https:\/\/i0.wp.com\/gerry001.myds.me\/wordpress\/wp-content\/uploads\/2023\/03\/MVIMG_20200828_135115-scaled-e1677929910727.jpg?resize=800%2C1024&amp;ssl=1 800w, https:\/\/i0.wp.com\/gerry001.myds.me\/wordpress\/wp-content\/uploads\/2023\/03\/MVIMG_20200828_135115-scaled-e1677929910727.jpg?resize=234%2C300&amp;ssl=1 234w, https:\/\/i0.wp.com\/gerry001.myds.me\/wordpress\/wp-content\/uploads\/2023\/03\/MVIMG_20200828_135115-scaled-e1677929910727.jpg?resize=768%2C983&amp;ssl=1 768w, https:\/\/i0.wp.com\/gerry001.myds.me\/wordpress\/wp-content\/uploads\/2023\/03\/MVIMG_20200828_135115-scaled-e1677929910727.jpg?resize=1200%2C1536&amp;ssl=1 1200w, https:\/\/i0.wp.com\/gerry001.myds.me\/wordpress\/wp-content\/uploads\/2023\/03\/MVIMG_20200828_135115-scaled-e1677929910727.jpg?resize=47%2C60&amp;ssl=1 47w, https:\/\/i0.wp.com\/gerry001.myds.me\/wordpress\/wp-content\/uploads\/2023\/03\/MVIMG_20200828_135115-scaled-e1677929910727.jpg?w=1440&amp;ssl=1 1440w\" sizes=\"auto, (max-width: 800px) 100vw, 800px\" \/><\/figure>\n\n\n\n<h5 class=\"wp-block-heading\"><br>Steckbrief<\/h5>\n\n\n\n<p>geboren am 21.5.2020 in Gomadingen, DE<\/p>\n\n\n\n<p><strong>Wohnort<\/strong><br>Fussach, AT<\/p>\n\n\n\n<p><strong>Gewicht<\/strong><br>~5 kg<\/p>\n<\/div>\n\n\n\n<div class=\"wp-block-column is-layout-flow wp-block-column-is-layout-flow\">\n<p>Monti ist ein Prager Rattler, eine kleine Hunderasse, auch als Prager Rattenhund (Pra\u017esk\u00fd krysa\u0159\u00edk) oder Mini Dobermann bekannt.<\/p>\n\n\n\n<h5 class=\"wp-block-heading\">Eigenschaften<\/h5>\n\n\n\n<ul class=\"wp-block-list\">\n<li>neugierig und voll Wissbegier<\/li>\n\n\n\n<li>ein liebevoller und treuer Begleiter<\/li>\n\n\n\n<li>stets wachsam \/ vorz\u00fcglicher Wachhund<\/li>\n\n\n\n<li>spielt gerne und braucht t\u00e4glichen Auslauf<\/li>\n<\/ul>\n\n\n\n<figure class=\"wp-block-image size-large is-style-default\"><img data-recalc-dims=\"1\" loading=\"lazy\" decoding=\"async\" width=\"768\" height=\"1024\" src=\"https:\/\/i0.wp.com\/gerry001.myds.me\/wordpress\/wp-content\/uploads\/2023\/03\/IMG-20211020-WA0006.jpg?resize=768%2C1024&#038;ssl=1\" alt=\"Monti macht ne Pause\" class=\"wp-image-1009\" srcset=\"https:\/\/i0.wp.com\/gerry001.myds.me\/wordpress\/wp-content\/uploads\/2023\/03\/IMG-20211020-WA0006.jpg?resize=768%2C1024&amp;ssl=1 768w, https:\/\/i0.wp.com\/gerry001.myds.me\/wordpress\/wp-content\/uploads\/2023\/03\/IMG-20211020-WA0006.jpg?resize=225%2C300&amp;ssl=1 225w, https:\/\/i0.wp.com\/gerry001.myds.me\/wordpress\/wp-content\/uploads\/2023\/03\/IMG-20211020-WA0006.jpg?resize=1152%2C1536&amp;ssl=1 1152w, https:\/\/i0.wp.com\/gerry001.myds.me\/wordpress\/wp-content\/uploads\/2023\/03\/IMG-20211020-WA0006.jpg?resize=45%2C60&amp;ssl=1 45w, https:\/\/i0.wp.com\/gerry001.myds.me\/wordpress\/wp-content\/uploads\/2023\/03\/IMG-20211020-WA0006.jpg?w=1536&amp;ssl=1 1536w\" sizes=\"auto, (max-width: 768px) 100vw, 768px\" \/><\/figure>\n<\/div>\n<\/div>\n\n\n\n<div class=\"wp-block-columns is-layout-flex wp-container-core-columns-is-layout-9d6595d7 wp-block-columns-is-layout-flex\">\n<div class=\"wp-block-column is-layout-flow wp-block-column-is-layout-flow\">\n<figure class=\"wp-block-image size-large is-style-default\"><img data-recalc-dims=\"1\" loading=\"lazy\" decoding=\"async\" width=\"1024\" height=\"996\" src=\"https:\/\/i0.wp.com\/gerry001.myds.me\/wordpress\/wp-content\/uploads\/2023\/04\/montis_stammbaum.jpg?resize=1024%2C996&#038;ssl=1\" alt=\"Montis Stammbaum\" class=\"wp-image-2363\" title=\"Montis Stammbaum\" srcset=\"https:\/\/i0.wp.com\/gerry001.myds.me\/wordpress\/wp-content\/uploads\/2023\/04\/montis_stammbaum.jpg?resize=1024%2C996&amp;ssl=1 1024w, https:\/\/i0.wp.com\/gerry001.myds.me\/wordpress\/wp-content\/uploads\/2023\/04\/montis_stammbaum.jpg?resize=300%2C292&amp;ssl=1 300w, https:\/\/i0.wp.com\/gerry001.myds.me\/wordpress\/wp-content\/uploads\/2023\/04\/montis_stammbaum.jpg?resize=768%2C747&amp;ssl=1 768w, https:\/\/i0.wp.com\/gerry001.myds.me\/wordpress\/wp-content\/uploads\/2023\/04\/montis_stammbaum.jpg?w=1411&amp;ssl=1 1411w\" sizes=\"auto, (max-width: 1024px) 100vw, 1024px\" \/><\/figure>\n<\/div>\n\n\n\n<div class=\"wp-block-column is-layout-flow wp-block-column-is-layout-flow\">\n<p><\/p>\n\n\n\n<h5 class=\"wp-block-heading\">Monti\u00b4s Stammbaum<\/h5>\n\n\n\n<p><strong>Vater<\/strong><br>Nicki \/ FiIou vom Steinachthai<\/p>\n\n\n\n<p><strong>Mutter<\/strong><br>W-N\u00fcscha vom Wutachtal<\/p>\n<\/div>\n<\/div>\n\n\n\n<figure class=\"wp-block-image alignfull size-large\"><img data-recalc-dims=\"1\" loading=\"lazy\" decoding=\"async\" width=\"1024\" height=\"576\" src=\"https:\/\/i0.wp.com\/gerry001.myds.me\/wordpress\/wp-content\/uploads\/2023\/03\/IMG_20200821_143831.jpg?resize=1024%2C576&#038;ssl=1\" alt=\"\" class=\"wp-image-95\" srcset=\"https:\/\/i0.wp.com\/gerry001.myds.me\/wordpress\/wp-content\/uploads\/2023\/03\/IMG_20200821_143831-scaled.jpg?resize=1024%2C576&amp;ssl=1 1024w, https:\/\/i0.wp.com\/gerry001.myds.me\/wordpress\/wp-content\/uploads\/2023\/03\/IMG_20200821_143831-scaled.jpg?resize=300%2C169&amp;ssl=1 300w, https:\/\/i0.wp.com\/gerry001.myds.me\/wordpress\/wp-content\/uploads\/2023\/03\/IMG_20200821_143831-scaled.jpg?resize=768%2C432&amp;ssl=1 768w, https:\/\/i0.wp.com\/gerry001.myds.me\/wordpress\/wp-content\/uploads\/2023\/03\/IMG_20200821_143831-scaled.jpg?resize=1536%2C864&amp;ssl=1 1536w, https:\/\/i0.wp.com\/gerry001.myds.me\/wordpress\/wp-content\/uploads\/2023\/03\/IMG_20200821_143831-scaled.jpg?resize=2048%2C1152&amp;ssl=1 2048w, https:\/\/i0.wp.com\/gerry001.myds.me\/wordpress\/wp-content\/uploads\/2023\/03\/IMG_20200821_143831-scaled.jpg?resize=107%2C60&amp;ssl=1 107w, https:\/\/i0.wp.com\/gerry001.myds.me\/wordpress\/wp-content\/uploads\/2023\/03\/IMG_20200821_143831-scaled.jpg?resize=840%2C473&amp;ssl=1 840w, https:\/\/i0.wp.com\/gerry001.myds.me\/wordpress\/wp-content\/uploads\/2023\/03\/IMG_20200821_143831-scaled.jpg?w=2400&amp;ssl=1 2400w\" sizes=\"auto, (max-width: 1024px) 100vw, 1024px\" \/><\/figure>\n\n\n\n<p><br>Monti hat ein kurzes und glattes braunes Fell. Die Rasse stammt aus Tschechien, wo sie schon im Mittelalter zur Ratten- und M\u00e4usejagd, als Gesellschaftshund oder Stallhund zum Einsatz kam. <\/p>\n\n\n\n<p>&gt; <a rel=\"noreferrer noopener\" href=\"https:\/\/de.wikipedia.org\/wiki\/Prager_Rattler\" target=\"_blank\">Weitere Infos zum Prager Rattler auf Wikipedia<\/a><\/p>\n","protected":false},"excerpt":{"rendered":"<p>Alter Rhein &#8211; Hohenems Steckbrief geboren am 21.5.2020 in Gomadingen, DE WohnortFussach, AT Gewicht~5 kg Monti ist ein Prager Rattler, eine kleine Hunderasse, auch als Prager Rattenhund (Pra\u017esk\u00fd krysa\u0159\u00edk) oder Mini Dobermann bekannt. Eigenschaften Monti\u00b4s Stammbaum VaterNicki \/ FiIou vom Steinachthai MutterW-N\u00fcscha vom Wutachtal Monti hat ein kurzes und glattes braunes Fell. Die Rasse stammt&hellip;&nbsp;<a href=\"https:\/\/gerry001.myds.me\/wordpress\/ueber-monti\/\" rel=\"bookmark\">Weiterlesen &raquo;<span class=\"screen-reader-text\">\u00dcber Monti<\/span><\/a><\/p>\n","protected":false},"author":1,"featured_media":0,"parent":0,"menu_order":0,"comment_status":"closed","ping_status":"closed","template":"","meta":{"neve_meta_sidebar":"","neve_meta_container":"","neve_meta_enable_content_width":"","neve_meta_content_width":0,"neve_meta_title_alignment":"","neve_meta_author_avatar":"","neve_post_elements_order":"","neve_meta_disable_header":"","neve_meta_disable_footer":"","neve_meta_disable_title":"","footnotes":""},"class_list":["post-6","page","type-page","status-publish","hentry"],"jetpack_sharing_enabled":true,"_links":{"self":[{"href":"https:\/\/gerry001.myds.me\/wordpress\/wp-json\/wp\/v2\/pages\/6","targetHints":{"allow":["GET"]}}],"collection":[{"href":"https:\/\/gerry001.myds.me\/wordpress\/wp-json\/wp\/v2\/pages"}],"about":[{"href":"https:\/\/gerry001.myds.me\/wordpress\/wp-json\/wp\/v2\/types\/page"}],"author":[{"embeddable":true,"href":"https:\/\/gerry001.myds.me\/wordpress\/wp-json\/wp\/v2\/users\/1"}],"replies":[{"embeddable":true,"href":"https:\/\/gerry001.myds.me\/wordpress\/wp-json\/wp\/v2\/comments?post=6"}],"version-history":[{"count":0,"href":"https:\/\/gerry001.myds.me\/wordpress\/wp-json\/wp\/v2\/pages\/6\/revisions"}],"wp:attachment":[{"href":"https:\/\/gerry001.myds.me\/wordpress\/wp-json\/wp\/v2\/media?parent=6"}],"curies":[{"name":"wp","href":"https:\/\/api.w.org\/{rel}","templated":true}]}}